{"id":264,"date":"2016-02-01T22:33:57","date_gmt":"2016-02-01T21:33:57","guid":{"rendered":"http:\/\/ghamelet.com\/mindfulness\/?page_id=264"},"modified":"2024-07-15T10:57:36","modified_gmt":"2024-07-15T08:57:36","slug":"genevieve-hamelet","status":"publish","type":"page","link":"https:\/\/ghamelet.com\/mindfulness\/genevieve-hamelet\/","title":{"rendered":"Genevi\u00e8ve Hamelet"},"content":{"rendered":"<div class=\"fusion-fullwidth fullwidth-box fusion-builder-row-1 nonhundred-percent-fullwidth non-hundred-percent-height-scrolling\" style=\"--awb-border-radius-top-left:0px;--awb-border-radius-top-right:0px;--awb-border-radius-bottom-right:0px;--awb-border-radius-bottom-left:0px;--awb-flex-wrap:wrap;\" ><div class=\"fusion-builder-row fusion-row\"><div class=\"fusion-layout-column fusion_builder_column fusion-builder-column-0 fusion_builder_column_1_4 1_4 fusion-one-fourth fusion-column-first\" style=\"--awb-bg-size:cover;--awb-margin-bottom:0px;width:22%; margin-right: 4%;\"><div class=\"fusion-column-wrapper fusion-flex-column-wrapper-legacy\"><div class=\"fusion-person person fusion-person-left fusion-person-1 fusion-person-icon-top\" style=\"--awb-pic-style-color:#000000;--awb-pic-borderradius:50%;--awb-margin-top:0px;--awb-margin-right:0px;--awb-margin-bottom:0px;--awb-margin-left:0px;--awb-social-box-border-top:0px;--awb-social-box-border-right:0px;--awb-social-box-border-bottom:0px;--awb-social-box-border-left:0px;--awb-social-box-border-color:var(--awb-color3);--awb-social-box-border-color-hover:var(--awb-color4);--awb-social-box-colors-hover:rgba(232,232,232,0.8);--awb-social-icon-boxed-colors:#e8e8e8;--awb-social-icon-colors:#bebdbd;--awb-social-icon-colors-hover:rgba(190,189,189,0.8);\"><div class=\"person-shortcode-image-wrapper\"><div class=\"person-image-container hover-type-none person-rounded-overflow\" style=\"-webkit-border-radius:50%;-moz-border-radius:50%;border-radius:50%;border:0px solid #f6f6f6;-webkit-border-radius:50%;-moz-border-radius:50%;border-radius:50%;\"><img decoding=\"async\" class=\"person-img img-responsive wp-image-4888\" width=\"180\" height=\"235\" src=\"https:\/\/ghamelet.com\/mindfulness\/wp-content\/uploads\/2024\/01\/2022-Pic-GH.webp\" alt=\"Genevi\u00e8ve Hamelet\" \/><\/div><\/div><div class=\"person-desc\"><div class=\"person-author\"><div class=\"person-author-wrapper\"><span class=\"person-name\">Genevi\u00e8ve Hamelet<\/span><span class=\"person-title\">Instructrice et formatrice MBSR<\/span><\/div><div class=\"fusion-social-networks\"><div class=\"fusion-social-networks-wrapper\"><a class=\"fusion-social-network-icon fusion-tooltip fusion-facebook awb-icon-facebook custom\" aria-label=\"fusion-facebook\" href=\"https:\/\/www.facebook.com\/ghamelet.mindfulness\/\" target=\"_blank\" rel=\"noopener noreferrer\" style=\"color:#bebdbd;font-size:16px;\" data-placement=\"top\" data-title=\"Facebook\" title=\"Facebook\" data-toggle=\"tooltip\"><\/a><a class=\"fusion-social-network-icon fusion-tooltip fusion-instagram awb-icon-instagram custom\" aria-label=\"fusion-instagram\" href=\"https:\/\/www.instagram.com\/g.hamelet\/m.com\/g.hamelet\/\" target=\"_blank\" rel=\"noopener noreferrer\" style=\"color:#bebdbd;font-size:16px;\" data-placement=\"top\" data-title=\"Instagram\" title=\"Instagram\" data-toggle=\"tooltip\"><\/a><a class=\"fusion-social-network-icon fusion-tooltip fusion-linkedin awb-icon-linkedin custom\" aria-label=\"fusion-linkedin\" href=\"https:\/\/fr.linkedin.com\/in\/genevi%C3%A8ve-hamelet-mbsr-certified-teacher-173b618\" target=\"_blank\" rel=\"noopener noreferrer\" style=\"color:#bebdbd;font-size:16px;\" data-placement=\"top\" data-title=\"LinkedIn\" title=\"LinkedIn\" data-toggle=\"tooltip\"><\/a><a class=\"fusion-social-network-icon fusion-tooltip fusion-whatsapp awb-icon-whatsapp custom\" aria-label=\"fusion-whatsapp\" href=\"https:\/\/wa.me\/33683844959\" target=\"_blank\" rel=\"noopener noreferrer\" style=\"color:#bebdbd;font-size:16px;\" data-placement=\"top\" data-title=\"Whatsapp\" title=\"Whatsapp\" data-toggle=\"tooltip\"><\/a><\/div><\/div><\/div><div class=\"person-content fusion-clearfix\">Th\u00e9rapie contemplative &#8211; Sophrologie Cayc\u00e9dienne &#8211; \u00ab Unit\u00e9 dans la Dualit\u00e9 \u00bb, approche de philosophie et psychologie bouddhiste<\/div><\/div><\/div><div class=\"fusion-clearfix\"><\/div><\/div><\/div><div class=\"fusion-layout-column fusion_builder_column fusion-builder-column-1 fusion_builder_column_2_3 2_3 fusion-two-third\" style=\"--awb-bg-size:cover;--awb-margin-bottom:0px;width:65.3333%; margin-right: 4%;\"><div class=\"fusion-column-wrapper fusion-flex-column-wrapper-legacy\"><div class=\"fusion-video fusion-youtube\" style=\"--awb-max-width:600px;--awb-max-height:360px;\"><div class=\"video-shortcode\"><div class=\"fluid-width-video-wrapper\" style=\"padding-top:60%;\" ><iframe title=\"YouTube video player 1\" src=\"https:\/\/www.youtube.com\/embed\/W1XYYd2Sexs?wmode=transparent&autoplay=0\" width=\"600\" height=\"360\" allowfullscreen allow=\"autoplay; clipboard-write; encrypted-media; gyroscope; picture-in-picture;\"><\/iframe><\/div><\/div><\/div><div class=\"fusion-sep-clear\"><\/div><div class=\"fusion-separator fusion-full-width-sep\" style=\"margin-left: auto;margin-right: auto;width:100%;\"><\/div><div class=\"fusion-sep-clear\"><\/div><div class=\"fusion-text fusion-text-1\"><p>Apr\u00e8s une carri\u00e8re dans le journalisme, je me suis form\u00e9e comme sophrologue Cayc\u00e9dienne dans les ann\u00e9es 90 aupr\u00e8s du Pr Caycedo et ai obtenu un Master sp\u00e9cialiste, branche socio-prophylactique (<a href=\"http:\/\/www.sofrocay.com\/\"><span style=\"text-decoration: underline;\"><span style=\"color: #0000ff; text-decoration: underline;\">Acad\u00e9mie internationale de sophrologie cayc\u00e9dienne<\/span><\/span><\/a>). Dans cette m\u00eame p\u00e9riode, j\u2019ai \u00e9galement \u00e9t\u00e9 form\u00e9e \u00e0 plusieurs outils de th\u00e9rapie psycho-corporelles et en psycho-g\u00e9n\u00e9alogie.<\/p>\n<p>Puis parall\u00e8lement \u00e0 ma pratique personnelle de m\u00e9ditation, j\u2019ai d\u00e9couvert les MBP (Programmes Bas\u00e9s sur la Pleine Conscience) en commen\u00e7ant par MBCT (Th\u00e9rapie Cognitive Bas\u00e9e sur la Pleine Conscience pour pr\u00e9venir des rechutes d\u00e9pressives), programme auquel j\u2019ai \u00e9t\u00e9 form\u00e9e en 2008 avec le Pr.\u00a0<a href=\"http:\/\/www.association-mindfulness.org\/membres-honneur.php\"><span style=\"text-decoration: underline;\"><span style=\"color: #0000ff; text-decoration: underline;\">Zindel Segal<\/span><\/span><\/a>\u00a0(co-cre\u0301ateur de ce programme), le Dr\u00a0<a href=\"https:\/\/www.unige.ch\/semaineducerveau\/2014\/programme\/intervenants\/lucio-bizzini.html\"><span style=\"text-decoration: underline;\"><span style=\"color: #0000ff; text-decoration: underline;\">Lucion Bizzin<\/span><\/span><\/a> (Ho\u0302pital universitaire de Gene\u0300ve) et le Pr <span style=\"text-decoration: underline;\"><span style=\"color: #0000ff;\"><a style=\"color: #0000ff; text-decoration: underline;\" href=\"http:\/\/www.association-mindfulness.org\/membres-honneur.php\">Pierre Philippot<\/a><\/span><\/span>\u00a0(<a href=\"https:\/\/uclouvain.be\/fr\/uclsearch\"><span style=\"text-decoration: underline;\"><span style=\"color: #0000ff; text-decoration: underline;\">D\u00e9partement de psychologie de l\u2019Universit\u00e9 de Louvain-Belgique<\/span><\/span><\/a>). J\u2019ai ensuite guid\u00e9 ces cycles pendant 6 ans.<\/p>\n<p>Puis je me suis form\u00e9e \u00e0\u00a0 <span style=\"text-decoration: underline;\"><span style=\"color: #0000ff; text-decoration: underline;\"><a style=\"color: #0000ff; text-decoration: underline;\" href=\"http:\/\/www.association-mindfulness.org\/mbsr.php\">MBSR<\/a><\/span><\/span> (R\u00e9duction du Stress Bas\u00e9 sur la Mindfulness\/Pleine conscience), le programme d\u2019origine de tous les MBP fond\u00e9 par <a href=\"https:\/\/jonkabat-zinn.com\/about\/jon-kabat-zinn\/\"><span style=\"color: #0000ff;\">Jon Kabat-Zinn<\/span><\/a> en 1979 \u00e0 l\u2019Universit\u00e9 du Massachusetts.<\/p>\n<p>J\u2019ai suivi le cursus complet de formation du CFM de 2009 \u00e0 2018\u00a0et suis instructrice et formatrice d\u2019instructeurs.trices MBSR, certifie\u0301e au CFM UMass Medical School (Center for Mindfulness) et au <span style=\"text-decoration: underline;\"><span style=\"color: #0000ff; text-decoration: underline;\"><a style=\"color: #0000ff; text-decoration: underline;\" href=\"https:\/\/globalmindfulnesscollaborative.org\/fr\/\">GMC<\/a><\/span><\/span> (Global Mindfulness Collaborative), r\u00e9seau international de formateurs.trices MBSR.:<br \/>\n&#8211; Se\u0301minaire \u201cMBSR en me\u0301decine inte\u0301grative\u201d avec Jon Kabat-Zinn et\u00a0<span style=\"text-decoration: underline;\"><span style=\"color: #0000ff; text-decoration: underline;\"><a style=\"color: #0000ff; text-decoration: underline;\" href=\"http:\/\/ghamelet.com\/mindfulness\/the-shared-work-of-mbsr-teachers-with-saki-santorelli-center-for-mindfulness-cfm\/\">Saki Santorelli<\/a><\/span><\/span>\u00a0(Allemagne 2009 + en France en 2011)<br \/>\n&#8211; Modules de formation MBSR\u00a0: Practicum et T.D.I. avec Florence Meleo-Meyer et Melissa Blaker (Allemagne et USA en 2009)<br \/>\n&#8211; Supervision et processus de certification avec Florence Meleo-Meyer entre 2011 et 2015.<br \/>\n&#8211; Formation de formateurs du CFM qui s\u2019est d\u00e9roul\u00e9e sur un an en 2017 (<span style=\"text-decoration: underline;\"><span style=\"color: #0000ff; text-decoration: underline;\"><a style=\"color: #0000ff; text-decoration: underline;\" href=\"https:\/\/ghamelet.com\/mindfulness\/wp-content\/uploads\/2024\/01\/Letter-of-completion-TT.pdf\">letter of complition<\/a><\/span><\/span>), incluant \u00e9galement les modules de mentorat de groupe, de supervision individuelle et du processus de certification.<\/p>\n<p>En 2016, j\u2019ai suivi la formation du MTI \u201c<span style=\"text-decoration: underline;\"><span style=\"color: #0000ff; text-decoration: underline;\"><a style=\"color: #0000ff; text-decoration: underline;\" href=\"https:\/\/www.mindfulnesstraininginstitute.com\/\">Mindfulness Training Institute<\/a><\/span><\/span>\u201d, fond\u00e9 par Martin Aylward et Mark Coleman, et qui s\u2019est d\u00e9roul\u00e9e sur un an.<\/p>\n<p>J\u2019ai \u00e9galement obtenu le dipl\u00f4me en \u00ab<a href=\"http:\/\/www.tarab-institute.fr\/person\/genevieve-hamelet\"><span style=\"text-decoration: underline;\"><span style=\"color: #0000ff; text-decoration: underline;\">Science Interne de l\u2019Esprit et des Ph\u00e9nom\u00e8nes UD<\/span><\/span><\/a>\u00bb et ses applications, approche de psychologie bouddhique du \u00ab\u00a0Tarab Institute\u00a0\u00bb ou\u0300 j\u2019enseigne et ai traduit Tarab Tulku Rinpoche jusqu\u2019\u00e0 sa mort en 2004.<\/p>\n<p>J\u2019enseigne aussi la Pleine conscience et forme des instructeurs \u00e0 l\u2019approche R.A.M (Ripa Awareness Meditation) dans le cadre de l\u2019association <a href=\"https:\/\/padmalingparis.wixsite.com\/padmalingparis\"><span style=\"text-decoration: underline;\"><span style=\"color: #0000ff; text-decoration: underline;\">Padma Ling<\/span><\/span>\u00a0<\/a> et dans le centre de m\u00e9ditation <span style=\"text-decoration: underline;\"><span style=\"color: #0000ff; text-decoration: underline;\"><a style=\"color: #0000ff; text-decoration: underline;\" href=\"https:\/\/ripa-international.com\/programmes\/?lang=fr\">RIC<\/a><\/span><\/span> (Ripa International Center).<\/p>\n<p>Je pratique par ailleurs la m\u00e9ditation, depuis plus de 35 ans, et depuis 1997 j\u2019ai \u00e9t\u00e9 l\u2019interpr\u00e8te de nombreux enseignants r\u00e9put\u00e9s de m\u00e9ditation, tels que Ajahn Sucitto, Ajahn Amaro, Gyetrul Jigme Rinpoche, Jon Kabat-Zinn, Jack Kornfield, Frank Ostaseski, Florence Meleo-Meyer, Saki Santorelli, Bob Stahl\u2026<\/p>\n<p>Au niveau de mes r\u00f4les dans diff\u00e9rentes structures, je suis co-fondatrice en 2009 de l\u2019<span style=\"text-decoration: underline;\"><span style=\"color: #0000ff; text-decoration: underline;\"><a style=\"color: #0000ff; text-decoration: underline;\" href=\"https:\/\/www.association-mindfulness.org\/\">ADM<\/a> <\/span><\/span>(Association pour le d\u00e9veloppement de la Mindfulness) dont j&rsquo;ai \u00e9t\u00e9 vice-pr\u00e9sidente jusqu&rsquo;\u00e0 2012, puis pr\u00e9sidente jusqu&rsquo;en 2023 et dont je suis toujours administratrice, et en 2016 de <a href=\"http:\/\/www.initiativemindfulnessfrance.com\/\"><span style=\"text-decoration: underline;\"><span style=\"color: #0000ff; text-decoration: underline;\">l\u2019IMF<\/span><\/span><\/a>\u00a0dont je suis aussi administratrice.<br \/>\nJe suis membre de <a href=\"https:\/\/mindandlife-europe.org\/people\/\"><span style=\"text-decoration: underline;\"><span style=\"color: #0000ff; text-decoration: underline;\">MLE<\/span><\/span><\/a> (Mind &amp; Life europe)\u00a0o\u00f9 j\u2019ai fait partie du comit\u00e9 de s\u00e9lection et d\u2019organisation d\u2019<span style=\"text-decoration: underline;\"><span style=\"color: #0000ff; text-decoration: underline;\"><a style=\"color: #0000ff; text-decoration: underline;\" href=\"https:\/\/mindandlife-europe.org\/european-summer-research-institute-esri\/\">ESRI<\/a><\/span><\/span> en 2016\u00a0(European Summer Research Institute), et j\u2019ai particip\u00e9 au sein du C.A de la FBT \u00e0 l\u2019organisation des visites et enseignements du Dala\u00ef-Lama en France, en particulier en 2003 \u00e0 Bercy pendant une semaine.<\/p>\n<hr \/>\n<h2 style=\"text-align: center;\"><span style=\"text-decoration: underline;\"><strong>Dipl\u00f4mes<\/strong><\/span><\/h2>\n<\/div><div class=\"awb-gallery-wrapper awb-gallery-wrapper-1 button-span-no\"><div style=\"margin:-5px;--awb-bordersize:0px;--awb-columns-medium:33.3333%;--awb-columns-small:33.3333%;\" class=\"fusion-gallery fusion-gallery-container fusion-grid-3 fusion-columns-total-3 fusion-gallery-layout-grid fusion-gallery-1\"><div style=\"padding:5px;\" class=\"fusion-grid-column fusion-gallery-column fusion-gallery-column-3 hover-type-none\"><div class=\"fusion-gallery-image\"><a href=\"https:\/\/ghamelet.com\/mindfulness\/wp-content\/uploads\/2020\/08\/Certificat-Masterclass-OMC.jpg\" rel=\"noreferrer\" data-rel=\"iLightbox[gallery_image_1]\" class=\"fusion-lightbox\" target=\"_self\"><img decoding=\"async\" src=\"https:\/\/ghamelet.com\/mindfulness\/wp-content\/uploads\/2020\/08\/Certificat-Masterclass-OMC.jpg\" width=\"868\" height=\"611\" alt=\"\" title=\"Certificat Masterclass OMC\" aria-label=\"Certificat Masterclass OMC\" class=\"img-responsive wp-image-4398\" srcset=\"https:\/\/ghamelet.com\/mindfulness\/wp-content\/uploads\/2020\/08\/Certificat-Masterclass-OMC-200x141.jpg 200w, https:\/\/ghamelet.com\/mindfulness\/wp-content\/uploads\/2020\/08\/Certificat-Masterclass-OMC-400x282.jpg 400w, https:\/\/ghamelet.com\/mindfulness\/wp-content\/uploads\/2020\/08\/Certificat-Masterclass-OMC-600x422.jpg 600w, https:\/\/ghamelet.com\/mindfulness\/wp-content\/uploads\/2020\/08\/Certificat-Masterclass-OMC-800x563.jpg 800w, https:\/\/ghamelet.com\/mindfulness\/wp-content\/uploads\/2020\/08\/Certificat-Masterclass-OMC.jpg 868w\" sizes=\"(min-width: 2200px) 100vw, (min-width: 784px) 363px, (min-width: 712px) 545px, (min-width: 640px) 712px, \" \/><\/a><\/div><\/div><div style=\"padding:5px;\" class=\"fusion-grid-column fusion-gallery-column fusion-gallery-column-3 hover-type-none\"><div class=\"fusion-gallery-image\"><a href=\"https:\/\/ghamelet.com\/mindfulness\/wp-content\/uploads\/2020\/08\/Attestation-de-certification.jpg\" rel=\"noreferrer\" data-rel=\"iLightbox[gallery_image_1]\" class=\"fusion-lightbox\" target=\"_self\"><img decoding=\"async\" src=\"https:\/\/ghamelet.com\/mindfulness\/wp-content\/uploads\/2020\/08\/Attestation-de-certification.jpg\" width=\"801\" height=\"601\" alt=\"\" title=\"Attestation de certification\" aria-label=\"Attestation de certification\" class=\"img-responsive wp-image-4399\" srcset=\"https:\/\/ghamelet.com\/mindfulness\/wp-content\/uploads\/2020\/08\/Attestation-de-certification-200x150.jpg 200w, https:\/\/ghamelet.com\/mindfulness\/wp-content\/uploads\/2020\/08\/Attestation-de-certification-400x300.jpg 400w, https:\/\/ghamelet.com\/mindfulness\/wp-content\/uploads\/2020\/08\/Attestation-de-certification-600x450.jpg 600w, https:\/\/ghamelet.com\/mindfulness\/wp-content\/uploads\/2020\/08\/Attestation-de-certification.jpg 801w\" sizes=\"(min-width: 2200px) 100vw, (min-width: 784px) 363px, (min-width: 712px) 545px, (min-width: 640px) 712px, \" \/><\/a><\/div><\/div><div style=\"padding:5px;\" class=\"fusion-grid-column fusion-gallery-column fusion-gallery-column-3 hover-type-none\"><div class=\"fusion-gallery-image\"><a href=\"https:\/\/ghamelet.com\/mindfulness\/wp-content\/uploads\/2020\/08\/Certificat-MTT-e1597735779522.png\" rel=\"noreferrer\" data-rel=\"iLightbox[gallery_image_1]\" class=\"fusion-lightbox\" target=\"_self\"><img decoding=\"async\" src=\"https:\/\/ghamelet.com\/mindfulness\/wp-content\/uploads\/2020\/08\/Certificat-MTT-e1597735779522.png\" width=\"1280\" height=\"931\" alt=\"\" title=\"Certificat MTT\" aria-label=\"Certificat MTT\" class=\"img-responsive wp-image-4396\" srcset=\"https:\/\/ghamelet.com\/mindfulness\/wp-content\/uploads\/2020\/08\/Certificat-MTT-e1597735779522-200x145.png 200w, https:\/\/ghamelet.com\/mindfulness\/wp-content\/uploads\/2020\/08\/Certificat-MTT-e1597735779522-400x291.png 400w, https:\/\/ghamelet.com\/mindfulness\/wp-content\/uploads\/2020\/08\/Certificat-MTT-e1597735779522-600x436.png 600w, https:\/\/ghamelet.com\/mindfulness\/wp-content\/uploads\/2020\/08\/Certificat-MTT-e1597735779522-800x582.png 800w, https:\/\/ghamelet.com\/mindfulness\/wp-content\/uploads\/2020\/08\/Certificat-MTT-e1597735779522-1200x873.png 1200w, https:\/\/ghamelet.com\/mindfulness\/wp-content\/uploads\/2020\/08\/Certificat-MTT-e1597735779522.png 1280w\" sizes=\"(min-width: 2200px) 100vw, (min-width: 784px) 363px, (min-width: 712px) 545px, (min-width: 640px) 712px, \" \/><\/a><\/div><\/div><div class=\"clearfix\"><\/div><\/div><\/div><div class=\"fusion-clearfix\"><\/div><\/div><\/div><\/div><\/div>\n","protected":false},"excerpt":{"rendered":"","protected":false},"author":1,"featured_media":627,"parent":0,"menu_order":0,"comment_status":"closed","ping_status":"closed","template":"100-width.php","meta":{"footnotes":""},"class_list":["post-264","page","type-page","status-publish","has-post-thumbnail","hentry"],"yoast_head":"<!-- This site is optimized with the Yoast SEO plugin v27.3 - https:\/\/yoast.com\/product\/yoast-seo-wordpress\/ -->\n<title>Genevi\u00e8ve Hamelet - Genevi\u00e8ve Hamelet<\/title>\n<meta name=\"robots\" content=\"index, follow, max-snippet:-1, max-image-preview:large, max-video-preview:-1\" \/>\n<link rel=\"canonical\" href=\"https:\/\/ghamelet.com\/mindfulness\/genevieve-hamelet\/\" \/>\n<meta property=\"og:locale\" content=\"fr_FR\" \/>\n<meta property=\"og:type\" content=\"article\" \/>\n<meta property=\"og:title\" content=\"Genevi\u00e8ve Hamelet - Genevi\u00e8ve Hamelet\" \/>\n<meta property=\"og:url\" content=\"https:\/\/ghamelet.com\/mindfulness\/genevieve-hamelet\/\" \/>\n<meta property=\"og:site_name\" content=\"Genevi\u00e8ve Hamelet\" \/>\n<meta property=\"article:modified_time\" content=\"2024-07-15T08:57:36+00:00\" \/>\n<meta name=\"twitter:card\" content=\"summary_large_image\" \/>\n<meta name=\"twitter:label1\" content=\"Dur\u00e9e de lecture estim\u00e9e\" \/>\n\t<meta name=\"twitter:data1\" content=\"4 minutes\" \/>\n<script type=\"application\/ld+json\" class=\"yoast-schema-graph\">{\"@context\":\"https:\\\/\\\/schema.org\",\"@graph\":[{\"@type\":\"WebPage\",\"@id\":\"https:\\\/\\\/ghamelet.com\\\/mindfulness\\\/genevieve-hamelet\\\/\",\"url\":\"https:\\\/\\\/ghamelet.com\\\/mindfulness\\\/genevieve-hamelet\\\/\",\"name\":\"Genevi\u00e8ve Hamelet - Genevi\u00e8ve Hamelet\",\"isPartOf\":{\"@id\":\"https:\\\/\\\/ghamelet.com\\\/mindfulness\\\/#website\"},\"primaryImageOfPage\":{\"@id\":\"https:\\\/\\\/ghamelet.com\\\/mindfulness\\\/genevieve-hamelet\\\/#primaryimage\"},\"image\":{\"@id\":\"https:\\\/\\\/ghamelet.com\\\/mindfulness\\\/genevieve-hamelet\\\/#primaryimage\"},\"thumbnailUrl\":\"\",\"datePublished\":\"2016-02-01T21:33:57+00:00\",\"dateModified\":\"2024-07-15T08:57:36+00:00\",\"breadcrumb\":{\"@id\":\"https:\\\/\\\/ghamelet.com\\\/mindfulness\\\/genevieve-hamelet\\\/#breadcrumb\"},\"inLanguage\":\"fr-FR\",\"potentialAction\":[{\"@type\":\"ReadAction\",\"target\":[\"https:\\\/\\\/ghamelet.com\\\/mindfulness\\\/genevieve-hamelet\\\/\"]}]},{\"@type\":\"ImageObject\",\"inLanguage\":\"fr-FR\",\"@id\":\"https:\\\/\\\/ghamelet.com\\\/mindfulness\\\/genevieve-hamelet\\\/#primaryimage\",\"url\":\"\",\"contentUrl\":\"\"},{\"@type\":\"BreadcrumbList\",\"@id\":\"https:\\\/\\\/ghamelet.com\\\/mindfulness\\\/genevieve-hamelet\\\/#breadcrumb\",\"itemListElement\":[{\"@type\":\"ListItem\",\"position\":1,\"name\":\"Accueil\",\"item\":\"https:\\\/\\\/ghamelet.com\\\/mindfulness\\\/\"},{\"@type\":\"ListItem\",\"position\":2,\"name\":\"Genevi\u00e8ve Hamelet\"}]},{\"@type\":\"WebSite\",\"@id\":\"https:\\\/\\\/ghamelet.com\\\/mindfulness\\\/#website\",\"url\":\"https:\\\/\\\/ghamelet.com\\\/mindfulness\\\/\",\"name\":\"Genevi\u00e8ve Hamelet\",\"description\":\"Mindfulness\",\"potentialAction\":[{\"@type\":\"SearchAction\",\"target\":{\"@type\":\"EntryPoint\",\"urlTemplate\":\"https:\\\/\\\/ghamelet.com\\\/mindfulness\\\/?s={search_term_string}\"},\"query-input\":{\"@type\":\"PropertyValueSpecification\",\"valueRequired\":true,\"valueName\":\"search_term_string\"}}],\"inLanguage\":\"fr-FR\"}]}<\/script>\n<!-- \/ Yoast SEO plugin. -->","yoast_head_json":{"title":"Genevi\u00e8ve Hamelet - Genevi\u00e8ve Hamelet","robots":{"index":"index","follow":"follow","max-snippet":"max-snippet:-1","max-image-preview":"max-image-preview:large","max-video-preview":"max-video-preview:-1"},"canonical":"https:\/\/ghamelet.com\/mindfulness\/genevieve-hamelet\/","og_locale":"fr_FR","og_type":"article","og_title":"Genevi\u00e8ve Hamelet - Genevi\u00e8ve Hamelet","og_url":"https:\/\/ghamelet.com\/mindfulness\/genevieve-hamelet\/","og_site_name":"Genevi\u00e8ve Hamelet","article_modified_time":"2024-07-15T08:57:36+00:00","twitter_card":"summary_large_image","twitter_misc":{"Dur\u00e9e de lecture estim\u00e9e":"4 minutes"},"schema":{"@context":"https:\/\/schema.org","@graph":[{"@type":"WebPage","@id":"https:\/\/ghamelet.com\/mindfulness\/genevieve-hamelet\/","url":"https:\/\/ghamelet.com\/mindfulness\/genevieve-hamelet\/","name":"Genevi\u00e8ve Hamelet - Genevi\u00e8ve Hamelet","isPartOf":{"@id":"https:\/\/ghamelet.com\/mindfulness\/#website"},"primaryImageOfPage":{"@id":"https:\/\/ghamelet.com\/mindfulness\/genevieve-hamelet\/#primaryimage"},"image":{"@id":"https:\/\/ghamelet.com\/mindfulness\/genevieve-hamelet\/#primaryimage"},"thumbnailUrl":"","datePublished":"2016-02-01T21:33:57+00:00","dateModified":"2024-07-15T08:57:36+00:00","breadcrumb":{"@id":"https:\/\/ghamelet.com\/mindfulness\/genevieve-hamelet\/#breadcrumb"},"inLanguage":"fr-FR","potentialAction":[{"@type":"ReadAction","target":["https:\/\/ghamelet.com\/mindfulness\/genevieve-hamelet\/"]}]},{"@type":"ImageObject","inLanguage":"fr-FR","@id":"https:\/\/ghamelet.com\/mindfulness\/genevieve-hamelet\/#primaryimage","url":"","contentUrl":""},{"@type":"BreadcrumbList","@id":"https:\/\/ghamelet.com\/mindfulness\/genevieve-hamelet\/#breadcrumb","itemListElement":[{"@type":"ListItem","position":1,"name":"Accueil","item":"https:\/\/ghamelet.com\/mindfulness\/"},{"@type":"ListItem","position":2,"name":"Genevi\u00e8ve Hamelet"}]},{"@type":"WebSite","@id":"https:\/\/ghamelet.com\/mindfulness\/#website","url":"https:\/\/ghamelet.com\/mindfulness\/","name":"Genevi\u00e8ve Hamelet","description":"Mindfulness","potentialAction":[{"@type":"SearchAction","target":{"@type":"EntryPoint","urlTemplate":"https:\/\/ghamelet.com\/mindfulness\/?s={search_term_string}"},"query-input":{"@type":"PropertyValueSpecification","valueRequired":true,"valueName":"search_term_string"}}],"inLanguage":"fr-FR"}]}},"jetpack_sharing_enabled":true,"_links":{"self":[{"href":"https:\/\/ghamelet.com\/mindfulness\/wp-json\/wp\/v2\/pages\/264","targetHints":{"allow":["GET"]}}],"collection":[{"href":"https:\/\/ghamelet.com\/mindfulness\/wp-json\/wp\/v2\/pages"}],"about":[{"href":"https:\/\/ghamelet.com\/mindfulness\/wp-json\/wp\/v2\/types\/page"}],"author":[{"embeddable":true,"href":"https:\/\/ghamelet.com\/mindfulness\/wp-json\/wp\/v2\/users\/1"}],"replies":[{"embeddable":true,"href":"https:\/\/ghamelet.com\/mindfulness\/wp-json\/wp\/v2\/comments?post=264"}],"version-history":[{"count":21,"href":"https:\/\/ghamelet.com\/mindfulness\/wp-json\/wp\/v2\/pages\/264\/revisions"}],"predecessor-version":[{"id":5041,"href":"https:\/\/ghamelet.com\/mindfulness\/wp-json\/wp\/v2\/pages\/264\/revisions\/5041"}],"wp:featuredmedia":[{"embeddable":true,"href":"https:\/\/ghamelet.com\/mindfulness\/wp-json\/"}],"wp:attachment":[{"href":"https:\/\/ghamelet.com\/mindfulness\/wp-json\/wp\/v2\/media?parent=264"}],"curies":[{"name":"wp","href":"https:\/\/api.w.org\/{rel}","templated":true}]}}