{"id":3545,"date":"2019-07-17T16:36:12","date_gmt":"2019-07-17T14:36:12","guid":{"rendered":"https:\/\/ghamelet.com\/mindfulness\/?page_id=3545"},"modified":"2022-08-17T10:59:59","modified_gmt":"2022-08-17T08:59:59","slug":"liens","status":"publish","type":"page","link":"https:\/\/ghamelet.com\/mindfulness\/liens\/","title":{"rendered":"LIENS"},"content":{"rendered":"<p><div class=\"fusion-fullwidth fullwidth-box fusion-builder-row-1 fusion-flex-container nonhundred-percent-fullwidth non-hundred-percent-height-scrolling\" style=\"--awb-border-radius-top-left:0px;--awb-border-radius-top-right:0px;--awb-border-radius-bottom-right:0px;--awb-border-radius-bottom-left:0px;--awb-flex-wrap:wrap;\" ><div class=\"fusion-builder-row fusion-row fusion-flex-align-items-flex-start fusion-flex-content-wrap\" style=\"max-width:1144px;margin-left: calc(-4% \/ 2 );margin-right: calc(-4% \/ 2 );\"><div class=\"fusion-layout-column fusion_builder_column fusion-builder-column-0 fusion_builder_column_1_1 1_1 fusion-flex-column\" style=\"--awb-bg-color:rgba(100,163,234,0.36);--awb-bg-color-hover:rgba(100,163,234,0.36);--awb-bg-size:cover;--awb-width-large:100%;--awb-margin-top-large:0px;--awb-spacing-right-large:1.92%;--awb-margin-bottom-large:0px;--awb-spacing-left-large:1.92%;--awb-width-medium:100%;--awb-order-medium:0;--awb-spacing-right-medium:1.92%;--awb-spacing-left-medium:1.92%;--awb-width-small:100%;--awb-order-small:0;--awb-spacing-right-small:1.92%;--awb-spacing-left-small:1.92%;\"><div class=\"fusion-column-wrapper fusion-column-has-shadow fusion-flex-justify-content-flex-start fusion-content-layout-column\"><div class=\"fusion-text fusion-text-1\"><p style=\"text-align: center;\"><strong><span style=\"font-size: 36pt;\">Liens<\/span><\/strong><\/p>\n<\/div><\/div><\/div><\/div><\/div><div class=\"fusion-fullwidth fullwidth-box fusion-builder-row-2 fusion-flex-container nonhundred-percent-fullwidth non-hundred-percent-height-scrolling\" style=\"--awb-border-radius-top-left:0px;--awb-border-radius-top-right:0px;--awb-border-radius-bottom-right:0px;--awb-border-radius-bottom-left:0px;--awb-flex-wrap:wrap;\" ><div class=\"fusion-builder-row fusion-row fusion-flex-align-items-flex-start fusion-flex-content-wrap\" style=\"max-width:1144px;margin-left: calc(-4% \/ 2 );margin-right: calc(-4% \/ 2 );\"><div class=\"fusion-layout-column fusion_builder_column fusion-builder-column-1 fusion_builder_column_1_1 1_1 fusion-flex-column\" style=\"--awb-bg-size:cover;--awb-width-large:100%;--awb-margin-top-large:0px;--awb-spacing-right-large:1.92%;--awb-margin-bottom-large:0px;--awb-spacing-left-large:1.92%;--awb-width-medium:100%;--awb-spacing-right-medium:1.92%;--awb-spacing-left-medium:1.92%;--awb-width-small:100%;--awb-spacing-right-small:1.92%;--awb-spacing-left-small:1.92%;\"><div class=\"fusion-column-wrapper fusion-flex-justify-content-flex-start fusion-content-layout-column\"><div class=\"fusion-text fusion-text-2\"><p class=\"text-intro\"><span style=\"text-decoration: underline;\"><span style=\"color: #0000ff; text-decoration: underline;\"><a style=\"color: #0000ff; text-decoration: underline;\" href=\"https:\/\/www.association-mindfulness.org\/index.php\"><strong><img decoding=\"async\" class=\" wp-image-3950 alignleft\" src=\"https:\/\/ghamelet.com\/mindfulness\/wp-content\/uploads\/2019\/07\/ADM.png\" alt=\"\" width=\"226\" height=\"84\" srcset=\"https:\/\/ghamelet.com\/mindfulness\/wp-content\/uploads\/2019\/07\/ADM-200x74.png 200w, https:\/\/ghamelet.com\/mindfulness\/wp-content\/uploads\/2019\/07\/ADM-300x112.png 300w, https:\/\/ghamelet.com\/mindfulness\/wp-content\/uploads\/2019\/07\/ADM.png 302w\" sizes=\"(max-width: 226px) 100vw, 226px\" \/>L\u2019Association pour le D\u00e9veloppement de la Mindfulness<\/strong><\/a><\/span><\/span> a pour vocation de favoriser la diffusion en Europe francophone de la m\u00e9ditation de Pleine Conscience dans un cadre la\u00efque au service de la qualit\u00e9 de vie et de l\u2019\u00e9panouissement humain. Cr\u00e9\u00e9e en 2009, elle rassemble aujourd\u2019hui pr\u00e8s de 200 instructeurs form\u00e9s \u00e0 l\u2019enseignement des programmes MBSR et MBCT.<\/p>\n<p><span style=\"color: #ffffff;\">XXXXXXXXXXXXXXXXXXXXXXXXX<\/span><\/p>\n<p><span style=\"color: #ffffff;\">XXXXXXXXXXXXXXXXXXXXXXXXX<\/span><\/p>\n<p><img decoding=\"async\" class=\" wp-image-3951 alignleft\" src=\"https:\/\/ghamelet.com\/mindfulness\/wp-content\/uploads\/2019\/07\/Brown-university.jpg\" alt=\"\" width=\"225\" height=\"116\" srcset=\"https:\/\/ghamelet.com\/mindfulness\/wp-content\/uploads\/2019\/07\/Brown-university-200x103.jpg 200w, https:\/\/ghamelet.com\/mindfulness\/wp-content\/uploads\/2019\/07\/Brown-university-300x155.jpg 300w, https:\/\/ghamelet.com\/mindfulness\/wp-content\/uploads\/2019\/07\/Brown-university-400x206.jpg 400w, https:\/\/ghamelet.com\/mindfulness\/wp-content\/uploads\/2019\/07\/Brown-university-500x258.jpg 500w, https:\/\/ghamelet.com\/mindfulness\/wp-content\/uploads\/2019\/07\/Brown-university-600x309.jpg 600w, https:\/\/ghamelet.com\/mindfulness\/wp-content\/uploads\/2019\/07\/Brown-university-700x361.jpg 700w, https:\/\/ghamelet.com\/mindfulness\/wp-content\/uploads\/2019\/07\/Brown-university-768x396.jpg 768w, https:\/\/ghamelet.com\/mindfulness\/wp-content\/uploads\/2019\/07\/Brown-university-800x413.jpg 800w, https:\/\/ghamelet.com\/mindfulness\/wp-content\/uploads\/2019\/07\/Brown-university.jpg 958w\" sizes=\"(max-width: 225px) 100vw, 225px\" \/>L\u2019ADM est d\u00e9sormais membre du r\u00e9seau d\u2019organisations collaboratives du <span style=\"text-decoration: underline;\"><span style=\"color: #0000ff; text-decoration: underline;\"><a style=\"color: #0000ff; text-decoration: underline;\" href=\"https:\/\/www.brown.edu\/public-health\/mindfulness\/\" target=\"_blank\" rel=\"noopener noreferrer\"><strong>Mindfulness Center<\/strong><\/a><\/span><\/span> dont elle est le repr\u00e9sentant francophone et, \u00e0 ce titre, suit son cursus de formation des instructeurs MBSR. Nous sommes engag\u00e9s dans une r\u00e9flexion de long terme non seulement avec le Mindfulness Center, mais aussi avec les autres organismes membres de son r\u00e9seau international, notamment <strong><a href=\"https:\/\/mindfulness.au.dk\/en\/\" target=\"_blank\" rel=\"noopener noreferrer\">Danish Center for Mindfulness<\/a><\/strong>\u00a0au Danemark, <strong><a href=\"https:\/\/www.motusmundi.it\/home\" target=\"_blank\" rel=\"noopener noreferrer\">Motus Mundi<\/a><\/strong> en Italie, <strong><a href=\"https:\/\/nirakara.org\/curso-presencial\/programa-de-reduccion-del-estres-basado-en-mindfulness-mbsr-2\/\" target=\"_blank\" rel=\"noopener noreferrer\">Nirakara<\/a><\/strong>\u00a0en Espagne.<\/p>\n<p><span style=\"color: #ffffff;\">XXXXXXXXXXXXXXXXXXXXXXXXX<\/span><\/p>\n<p><img decoding=\"async\" class=\" wp-image-3342 alignleft\" src=\"https:\/\/ghamelet.com\/mindfulness\/wp-content\/uploads\/2019\/06\/bangor_university_for_research_of_mindfulness.png\" alt=\"\" width=\"224\" height=\"87\" srcset=\"https:\/\/ghamelet.com\/mindfulness\/wp-content\/uploads\/2019\/06\/bangor_university_for_research_of_mindfulness-200x78.png 200w, https:\/\/ghamelet.com\/mindfulness\/wp-content\/uploads\/2019\/06\/bangor_university_for_research_of_mindfulness.png 241w\" sizes=\"(max-width: 224px) 100vw, 224px\" \/>L&rsquo;ADM entretient \u00e9galement des liens \u00e9troits et r\u00e9guliers avec le <strong><a href=\"https:\/\/www.bangor.ac.uk\/mindfulness\/\" target=\"_blank\" rel=\"noopener noreferrer\">Centre for Mindfulness Research and Practice de l\u2018Universit\u00e9 de Bangor<\/a><\/strong>\u00a0au Pays de Galle, lieu de formation mais aussi de recherche dans le domaine des programmes bas\u00e9s sur la Pleine Conscience.<\/p>\n<p><em>Bangor University\u2019s <span style=\"text-decoration: underline;\"><span style=\"color: #0000ff; text-decoration: underline;\"><a style=\"color: #0000ff; text-decoration: underline;\" href=\"http:\/\/www.bangor.ac.uk\/mindfulness\/\">Centre for Mindfulness Research and Practice<\/a> <\/span><\/span>(CMRP) for UK Health Award has been shortlisted for a prestigious UK health Award which highlights the people and organisations who have made an outstanding contribution to the advancement of health and wellbeing in the UK.<\/em><\/p>\n<p><span style=\"color: #ffffff;\">XXXXXXXXXXXXXXXXXXXXXXXXX<\/span><\/p>\n<p><img decoding=\"async\" class=\" wp-image-3343 alignleft\" src=\"https:\/\/ghamelet.com\/mindfulness\/wp-content\/uploads\/2019\/06\/initiative_mindfulness_france.png\" alt=\"\" width=\"224\" height=\"91\" srcset=\"https:\/\/ghamelet.com\/mindfulness\/wp-content\/uploads\/2019\/06\/initiative_mindfulness_france-200x81.png 200w, https:\/\/ghamelet.com\/mindfulness\/wp-content\/uploads\/2019\/06\/initiative_mindfulness_france.png 268w\" sizes=\"(max-width: 224px) 100vw, 224px\" \/><span style=\"color: #0000ff;\"><a style=\"color: #0000ff;\" href=\"http:\/\/www.initiativemindfulnessfrance.com\/\"><span style=\"text-decoration: underline;\"><strong>Initiative Mindfulness France<\/strong> <\/span><\/a><\/span>: L&rsquo;IMF se d\u00e9finit comme un \u00ab\u00a0think tank\u00a0\u00bb dont la mission vise \u00e0 informer et \u00e0 sensibiliser le monde politique et les d\u00e9cideurs publics sur les bienfaits que peut apporter la mindfulness dans la soci\u00e9t\u00e9, et plus particuli\u00e8rement dans le domaine de la sant\u00e9, \u00a0de l&rsquo;\u00e9ducation, \u00a0du travail et de la justice.<br \/>\n\u200bNous mettons \u00e0 disposition du monde politique un r\u00e9seau d&rsquo;experts en mindfulness afin de partager les derni\u00e8res recherches scientifiques sur le sujet, de faire part des diverses avanc\u00e9es et actions men\u00e9es actuellement en France dans les domaines d&rsquo;int\u00e9r\u00eats \u00e9tudi\u00e9s, puis d&rsquo;\u00e9mettre des recommandations sur l&rsquo;int\u00e9r\u00eat de la mindfulness dans le cadre de politiques publiques. Nous mettons par ailleurs \u00e0 disposition des instructeurs afin de former les acteurs du monde politique \u00e0 cette pratique.\u00a0 <a href=\"https:\/\/ghamelet.com\/mindfulness\/wp-content\/uploads\/2019\/06\/rapport_imf-dec-2017.pdf\"><em><span style=\"color: #0000ff;\"><span style=\"text-decoration: underline;\">Lire le rapport IMF &#8211; r\u00e9alit\u00e9s et perspectives Pleine Conscience<\/span><\/span><\/em><\/a><\/p>\n<p><span style=\"color: #ffffff;\">XXXXXXXXXXXXXXXXX<\/span><\/p>\n<header class=\"entry-header\">\n<p class=\"entry-title\">\n<\/header>\n<div class=\"entry-content\">\n<p><strong><img decoding=\"async\" class=\" wp-image-3344 alignleft\" src=\"https:\/\/ghamelet.com\/mindfulness\/wp-content\/uploads\/2019\/06\/enfance_et_attention.png\" alt=\"\" width=\"128\" height=\"129\" srcset=\"https:\/\/ghamelet.com\/mindfulness\/wp-content\/uploads\/2019\/06\/enfance_et_attention-66x66.png 66w, https:\/\/ghamelet.com\/mindfulness\/wp-content\/uploads\/2019\/06\/enfance_et_attention-100x100.png 100w, https:\/\/ghamelet.com\/mindfulness\/wp-content\/uploads\/2019\/06\/enfance_et_attention-150x150.png 150w, https:\/\/ghamelet.com\/mindfulness\/wp-content\/uploads\/2019\/06\/enfance_et_attention-200x201.png 200w, https:\/\/ghamelet.com\/mindfulness\/wp-content\/uploads\/2019\/06\/enfance_et_attention.png 221w\" sizes=\"(max-width: 128px) 100vw, 128px\" \/><\/strong><\/p>\n<p><span style=\"text-decoration: underline;\"><span style=\"color: #0000ff; text-decoration: underline;\"><a style=\"color: #0000ff; text-decoration: underline;\" href=\"https:\/\/enfance-et-attention.org\/\"><strong>Enfance et attention<\/strong> :<\/a><\/span><\/span> Association pour le d\u00e9veloppement de la pleine conscience aupr\u00e8s des enfants et des adolescents.<\/p>\n<p><strong>Association reconnue d\u2019int\u00e9r\u00eat g\u00e9n\u00e9ral.<\/strong><br \/>\nInformer.<br \/>\nFavoriser la recherche scientifique.<br \/>\nMettre en contact professionnels, parents et institutions.<\/p>\n<\/div>\n<\/div><\/div><\/div><\/div><\/div><\/p>\n","protected":false},"excerpt":{"rendered":"","protected":false},"author":3,"featured_media":0,"parent":0,"menu_order":0,"comment_status":"closed","ping_status":"closed","template":"","meta":{"footnotes":""},"class_list":["post-3545","page","type-page","status-publish","hentry"],"yoast_head":"<!-- This site is optimized with the Yoast SEO plugin v27.3 - https:\/\/yoast.com\/product\/yoast-seo-wordpress\/ -->\n<title>LIENS - Genevi\u00e8ve Hamelet<\/title>\n<meta name=\"robots\" content=\"index, follow, max-snippet:-1, max-image-preview:large, max-video-preview:-1\" \/>\n<link rel=\"canonical\" href=\"https:\/\/ghamelet.com\/mindfulness\/liens\/\" \/>\n<meta property=\"og:locale\" content=\"fr_FR\" \/>\n<meta property=\"og:type\" content=\"article\" \/>\n<meta property=\"og:title\" content=\"LIENS - Genevi\u00e8ve Hamelet\" \/>\n<meta property=\"og:url\" content=\"https:\/\/ghamelet.com\/mindfulness\/liens\/\" \/>\n<meta property=\"og:site_name\" content=\"Genevi\u00e8ve Hamelet\" \/>\n<meta property=\"article:modified_time\" content=\"2022-08-17T08:59:59+00:00\" \/>\n<meta property=\"og:image\" content=\"https:\/\/ghamelet.com\/mindfulness\/wp-content\/uploads\/2019\/07\/ADM.png\" \/>\n<meta name=\"twitter:card\" content=\"summary_large_image\" \/>\n<meta name=\"twitter:label1\" content=\"Dur\u00e9e de lecture estim\u00e9e\" \/>\n\t<meta name=\"twitter:data1\" content=\"5 minutes\" \/>\n<script type=\"application\/ld+json\" class=\"yoast-schema-graph\">{\"@context\":\"https:\\\/\\\/schema.org\",\"@graph\":[{\"@type\":\"WebPage\",\"@id\":\"https:\\\/\\\/ghamelet.com\\\/mindfulness\\\/liens\\\/\",\"url\":\"https:\\\/\\\/ghamelet.com\\\/mindfulness\\\/liens\\\/\",\"name\":\"LIENS - Genevi\u00e8ve Hamelet\",\"isPartOf\":{\"@id\":\"https:\\\/\\\/ghamelet.com\\\/mindfulness\\\/#website\"},\"primaryImageOfPage\":{\"@id\":\"https:\\\/\\\/ghamelet.com\\\/mindfulness\\\/liens\\\/#primaryimage\"},\"image\":{\"@id\":\"https:\\\/\\\/ghamelet.com\\\/mindfulness\\\/liens\\\/#primaryimage\"},\"thumbnailUrl\":\"https:\\\/\\\/ghamelet.com\\\/mindfulness\\\/wp-content\\\/uploads\\\/2019\\\/07\\\/ADM.png\",\"datePublished\":\"2019-07-17T14:36:12+00:00\",\"dateModified\":\"2022-08-17T08:59:59+00:00\",\"breadcrumb\":{\"@id\":\"https:\\\/\\\/ghamelet.com\\\/mindfulness\\\/liens\\\/#breadcrumb\"},\"inLanguage\":\"fr-FR\",\"potentialAction\":[{\"@type\":\"ReadAction\",\"target\":[\"https:\\\/\\\/ghamelet.com\\\/mindfulness\\\/liens\\\/\"]}]},{\"@type\":\"ImageObject\",\"inLanguage\":\"fr-FR\",\"@id\":\"https:\\\/\\\/ghamelet.com\\\/mindfulness\\\/liens\\\/#primaryimage\",\"url\":\"https:\\\/\\\/ghamelet.com\\\/mindfulness\\\/wp-content\\\/uploads\\\/2019\\\/07\\\/ADM.png\",\"contentUrl\":\"https:\\\/\\\/ghamelet.com\\\/mindfulness\\\/wp-content\\\/uploads\\\/2019\\\/07\\\/ADM.png\",\"width\":302,\"height\":112},{\"@type\":\"BreadcrumbList\",\"@id\":\"https:\\\/\\\/ghamelet.com\\\/mindfulness\\\/liens\\\/#breadcrumb\",\"itemListElement\":[{\"@type\":\"ListItem\",\"position\":1,\"name\":\"Accueil\",\"item\":\"https:\\\/\\\/ghamelet.com\\\/mindfulness\\\/\"},{\"@type\":\"ListItem\",\"position\":2,\"name\":\"LIENS\"}]},{\"@type\":\"WebSite\",\"@id\":\"https:\\\/\\\/ghamelet.com\\\/mindfulness\\\/#website\",\"url\":\"https:\\\/\\\/ghamelet.com\\\/mindfulness\\\/\",\"name\":\"Genevi\u00e8ve Hamelet\",\"description\":\"Mindfulness\",\"potentialAction\":[{\"@type\":\"SearchAction\",\"target\":{\"@type\":\"EntryPoint\",\"urlTemplate\":\"https:\\\/\\\/ghamelet.com\\\/mindfulness\\\/?s={search_term_string}\"},\"query-input\":{\"@type\":\"PropertyValueSpecification\",\"valueRequired\":true,\"valueName\":\"search_term_string\"}}],\"inLanguage\":\"fr-FR\"}]}<\/script>\n<!-- \/ Yoast SEO plugin. -->","yoast_head_json":{"title":"LIENS - Genevi\u00e8ve Hamelet","robots":{"index":"index","follow":"follow","max-snippet":"max-snippet:-1","max-image-preview":"max-image-preview:large","max-video-preview":"max-video-preview:-1"},"canonical":"https:\/\/ghamelet.com\/mindfulness\/liens\/","og_locale":"fr_FR","og_type":"article","og_title":"LIENS - Genevi\u00e8ve Hamelet","og_url":"https:\/\/ghamelet.com\/mindfulness\/liens\/","og_site_name":"Genevi\u00e8ve Hamelet","article_modified_time":"2022-08-17T08:59:59+00:00","og_image":[{"url":"https:\/\/ghamelet.com\/mindfulness\/wp-content\/uploads\/2019\/07\/ADM.png","type":"","width":"","height":""}],"twitter_card":"summary_large_image","twitter_misc":{"Dur\u00e9e de lecture estim\u00e9e":"5 minutes"},"schema":{"@context":"https:\/\/schema.org","@graph":[{"@type":"WebPage","@id":"https:\/\/ghamelet.com\/mindfulness\/liens\/","url":"https:\/\/ghamelet.com\/mindfulness\/liens\/","name":"LIENS - Genevi\u00e8ve Hamelet","isPartOf":{"@id":"https:\/\/ghamelet.com\/mindfulness\/#website"},"primaryImageOfPage":{"@id":"https:\/\/ghamelet.com\/mindfulness\/liens\/#primaryimage"},"image":{"@id":"https:\/\/ghamelet.com\/mindfulness\/liens\/#primaryimage"},"thumbnailUrl":"https:\/\/ghamelet.com\/mindfulness\/wp-content\/uploads\/2019\/07\/ADM.png","datePublished":"2019-07-17T14:36:12+00:00","dateModified":"2022-08-17T08:59:59+00:00","breadcrumb":{"@id":"https:\/\/ghamelet.com\/mindfulness\/liens\/#breadcrumb"},"inLanguage":"fr-FR","potentialAction":[{"@type":"ReadAction","target":["https:\/\/ghamelet.com\/mindfulness\/liens\/"]}]},{"@type":"ImageObject","inLanguage":"fr-FR","@id":"https:\/\/ghamelet.com\/mindfulness\/liens\/#primaryimage","url":"https:\/\/ghamelet.com\/mindfulness\/wp-content\/uploads\/2019\/07\/ADM.png","contentUrl":"https:\/\/ghamelet.com\/mindfulness\/wp-content\/uploads\/2019\/07\/ADM.png","width":302,"height":112},{"@type":"BreadcrumbList","@id":"https:\/\/ghamelet.com\/mindfulness\/liens\/#breadcrumb","itemListElement":[{"@type":"ListItem","position":1,"name":"Accueil","item":"https:\/\/ghamelet.com\/mindfulness\/"},{"@type":"ListItem","position":2,"name":"LIENS"}]},{"@type":"WebSite","@id":"https:\/\/ghamelet.com\/mindfulness\/#website","url":"https:\/\/ghamelet.com\/mindfulness\/","name":"Genevi\u00e8ve Hamelet","description":"Mindfulness","potentialAction":[{"@type":"SearchAction","target":{"@type":"EntryPoint","urlTemplate":"https:\/\/ghamelet.com\/mindfulness\/?s={search_term_string}"},"query-input":{"@type":"PropertyValueSpecification","valueRequired":true,"valueName":"search_term_string"}}],"inLanguage":"fr-FR"}]}},"jetpack_sharing_enabled":true,"_links":{"self":[{"href":"https:\/\/ghamelet.com\/mindfulness\/wp-json\/wp\/v2\/pages\/3545","targetHints":{"allow":["GET"]}}],"collection":[{"href":"https:\/\/ghamelet.com\/mindfulness\/wp-json\/wp\/v2\/pages"}],"about":[{"href":"https:\/\/ghamelet.com\/mindfulness\/wp-json\/wp\/v2\/types\/page"}],"author":[{"embeddable":true,"href":"https:\/\/ghamelet.com\/mindfulness\/wp-json\/wp\/v2\/users\/3"}],"replies":[{"embeddable":true,"href":"https:\/\/ghamelet.com\/mindfulness\/wp-json\/wp\/v2\/comments?post=3545"}],"version-history":[{"count":19,"href":"https:\/\/ghamelet.com\/mindfulness\/wp-json\/wp\/v2\/pages\/3545\/revisions"}],"predecessor-version":[{"id":4711,"href":"https:\/\/ghamelet.com\/mindfulness\/wp-json\/wp\/v2\/pages\/3545\/revisions\/4711"}],"wp:attachment":[{"href":"https:\/\/ghamelet.com\/mindfulness\/wp-json\/wp\/v2\/media?parent=3545"}],"curies":[{"name":"wp","href":"https:\/\/api.w.org\/{rel}","templated":true}]}}