{"id":3746,"date":"2019-07-10T12:38:41","date_gmt":"2019-07-10T10:38:41","guid":{"rendered":"https:\/\/ghamelet.com\/mindfulness\/?page_id=3746"},"modified":"2019-07-12T11:27:44","modified_gmt":"2019-07-12T09:27:44","slug":"weekend-ud-enclos-rey","status":"publish","type":"page","link":"https:\/\/ghamelet.com\/mindfulness\/weekend-ud-enclos-rey\/","title":{"rendered":"Weekend UD &#8211; Enclos REY"},"content":{"rendered":"<div class=\"ydp94790aa4yiv9930962828\" style=\"text-align: center;\"><span style=\"font-size: 14pt;\"><b class=\"ydp94790aa4yiv9930962828\">Week-end d\u2019enseignement et de pratique du Tarab Institute<\/b><\/span><\/div>\n<div class=\"ydp94790aa4yiv9930962828\" style=\"text-align: center;\"><span style=\"font-size: 14pt;\"><b class=\"ydp94790aa4yiv9930962828\">\u201cIntroduction \u00e0 la philosophie et \u00e0 la psychologie Bouddhiste\u201d<\/b><\/span><\/div>\n<div class=\"ydp94790aa4yiv9930962828\" style=\"text-align: center;\"><span style=\"font-size: 14pt;\"><b class=\"ydp94790aa4yiv9930962828\">A l\u2019Enclos Rey \u00e0 Paris les 7 et 8 d\u00e9cembre 2019<\/b><\/span><\/div>\n<p>&nbsp;<\/p>\n<div>\n<p>&nbsp;<\/p>\n<p>Contrairement \u00e0 une approche occidentale qui parvient \u00e0 distinguer la philosophie en tant que discipline \u00e0 la psychologie, dans la vue de <strong>l\u2019Unit\u00e9 dans la Dualit\u00e9<\/strong> il est tout \u00e0 fait impossible de r\u00e9pondre \u00e0 la question : <strong>\u201cQu\u2019est-ce que la r\u00e9alit\u00e9 ?\u201d <\/strong>sans revenir \u00e0 celui\/celle <strong>qui la per\u00e7oit<\/strong>\u00a0et sans s\u2019interroger sur <strong>ce qui est per\u00e7u<\/strong> et sur l&rsquo;interrelation entre <strong>Sujet\/Objet<\/strong>&#8230;Nous aborderons par l&rsquo;\u00e9tude et la pratique les <strong>principes d&rsquo;interrelation<\/strong> au c\u0153ur de la nature de la r\u00e9alit\u00e9 et de notre fonctionnement psychologique.<\/p>\n<\/div>\n<div><a href=\"http:\/\/www.tarab-institute.fr\/events\/924\" target=\"_blank\" rel=\"noopener noreferrer\" data-cke-saved-href=\"http:\/\/www.tarab-institute.fr\/events\/924\"><span style=\"color: #0000ff;\"><span style=\"text-decoration: underline;\">Informations et inscription ici<\/span><\/span><\/a><\/div>\n","protected":false},"excerpt":{"rendered":"<p>Week-end d\u2019enseignement et de pratique du Tarab Institute \u201cIntroduction \u00e0  [&#8230;]<\/p>\n","protected":false},"author":3,"featured_media":0,"parent":0,"menu_order":0,"comment_status":"closed","ping_status":"closed","template":"","meta":{"footnotes":""},"class_list":["post-3746","page","type-page","status-publish","hentry"],"yoast_head":"<!-- This site is optimized with the Yoast SEO plugin v27.5 - https:\/\/yoast.com\/product\/yoast-seo-wordpress\/ -->\n<title>Weekend UD - Enclos REY - Genevi\u00e8ve Hamelet<\/title>\n<meta name=\"robots\" content=\"index, follow, max-snippet:-1, max-image-preview:large, max-video-preview:-1\" \/>\n<link rel=\"canonical\" href=\"https:\/\/ghamelet.com\/mindfulness\/weekend-ud-enclos-rey\/\" \/>\n<meta property=\"og:locale\" content=\"fr_FR\" \/>\n<meta property=\"og:type\" content=\"article\" \/>\n<meta property=\"og:title\" content=\"Weekend UD - Enclos REY - Genevi\u00e8ve Hamelet\" \/>\n<meta property=\"og:description\" content=\"Week-end d\u2019enseignement et de pratique du Tarab Institute \u201cIntroduction \u00e0 [...]\" \/>\n<meta property=\"og:url\" content=\"https:\/\/ghamelet.com\/mindfulness\/weekend-ud-enclos-rey\/\" \/>\n<meta property=\"og:site_name\" content=\"Genevi\u00e8ve Hamelet\" \/>\n<meta property=\"article:modified_time\" content=\"2019-07-12T09:27:44+00:00\" \/>\n<meta name=\"twitter:card\" content=\"summary_large_image\" \/>\n<meta name=\"twitter:label1\" content=\"Dur\u00e9e de lecture estim\u00e9e\" \/>\n\t<meta name=\"twitter:data1\" content=\"1 minute\" \/>\n<script type=\"application\/ld+json\" class=\"yoast-schema-graph\">{\"@context\":\"https:\\\/\\\/schema.org\",\"@graph\":[{\"@type\":\"WebPage\",\"@id\":\"https:\\\/\\\/ghamelet.com\\\/mindfulness\\\/weekend-ud-enclos-rey\\\/\",\"url\":\"https:\\\/\\\/ghamelet.com\\\/mindfulness\\\/weekend-ud-enclos-rey\\\/\",\"name\":\"Weekend UD - Enclos REY - Genevi\u00e8ve Hamelet\",\"isPartOf\":{\"@id\":\"https:\\\/\\\/ghamelet.com\\\/mindfulness\\\/#website\"},\"datePublished\":\"2019-07-10T10:38:41+00:00\",\"dateModified\":\"2019-07-12T09:27:44+00:00\",\"breadcrumb\":{\"@id\":\"https:\\\/\\\/ghamelet.com\\\/mindfulness\\\/weekend-ud-enclos-rey\\\/#breadcrumb\"},\"inLanguage\":\"fr-FR\",\"potentialAction\":[{\"@type\":\"ReadAction\",\"target\":[\"https:\\\/\\\/ghamelet.com\\\/mindfulness\\\/weekend-ud-enclos-rey\\\/\"]}]},{\"@type\":\"BreadcrumbList\",\"@id\":\"https:\\\/\\\/ghamelet.com\\\/mindfulness\\\/weekend-ud-enclos-rey\\\/#breadcrumb\",\"itemListElement\":[{\"@type\":\"ListItem\",\"position\":1,\"name\":\"Accueil\",\"item\":\"https:\\\/\\\/ghamelet.com\\\/mindfulness\\\/\"},{\"@type\":\"ListItem\",\"position\":2,\"name\":\"Weekend UD &#8211; Enclos REY\"}]},{\"@type\":\"WebSite\",\"@id\":\"https:\\\/\\\/ghamelet.com\\\/mindfulness\\\/#website\",\"url\":\"https:\\\/\\\/ghamelet.com\\\/mindfulness\\\/\",\"name\":\"Genevi\u00e8ve Hamelet\",\"description\":\"Mindfulness\",\"potentialAction\":[{\"@type\":\"SearchAction\",\"target\":{\"@type\":\"EntryPoint\",\"urlTemplate\":\"https:\\\/\\\/ghamelet.com\\\/mindfulness\\\/?s={search_term_string}\"},\"query-input\":{\"@type\":\"PropertyValueSpecification\",\"valueRequired\":true,\"valueName\":\"search_term_string\"}}],\"inLanguage\":\"fr-FR\"}]}<\/script>\n<!-- \/ Yoast SEO plugin. -->","yoast_head_json":{"title":"Weekend UD - Enclos REY - Genevi\u00e8ve Hamelet","robots":{"index":"index","follow":"follow","max-snippet":"max-snippet:-1","max-image-preview":"max-image-preview:large","max-video-preview":"max-video-preview:-1"},"canonical":"https:\/\/ghamelet.com\/mindfulness\/weekend-ud-enclos-rey\/","og_locale":"fr_FR","og_type":"article","og_title":"Weekend UD - Enclos REY - Genevi\u00e8ve Hamelet","og_description":"Week-end d\u2019enseignement et de pratique du Tarab Institute \u201cIntroduction \u00e0 [...]","og_url":"https:\/\/ghamelet.com\/mindfulness\/weekend-ud-enclos-rey\/","og_site_name":"Genevi\u00e8ve Hamelet","article_modified_time":"2019-07-12T09:27:44+00:00","twitter_card":"summary_large_image","twitter_misc":{"Dur\u00e9e de lecture estim\u00e9e":"1 minute"},"schema":{"@context":"https:\/\/schema.org","@graph":[{"@type":"WebPage","@id":"https:\/\/ghamelet.com\/mindfulness\/weekend-ud-enclos-rey\/","url":"https:\/\/ghamelet.com\/mindfulness\/weekend-ud-enclos-rey\/","name":"Weekend UD - Enclos REY - Genevi\u00e8ve Hamelet","isPartOf":{"@id":"https:\/\/ghamelet.com\/mindfulness\/#website"},"datePublished":"2019-07-10T10:38:41+00:00","dateModified":"2019-07-12T09:27:44+00:00","breadcrumb":{"@id":"https:\/\/ghamelet.com\/mindfulness\/weekend-ud-enclos-rey\/#breadcrumb"},"inLanguage":"fr-FR","potentialAction":[{"@type":"ReadAction","target":["https:\/\/ghamelet.com\/mindfulness\/weekend-ud-enclos-rey\/"]}]},{"@type":"BreadcrumbList","@id":"https:\/\/ghamelet.com\/mindfulness\/weekend-ud-enclos-rey\/#breadcrumb","itemListElement":[{"@type":"ListItem","position":1,"name":"Accueil","item":"https:\/\/ghamelet.com\/mindfulness\/"},{"@type":"ListItem","position":2,"name":"Weekend UD &#8211; Enclos REY"}]},{"@type":"WebSite","@id":"https:\/\/ghamelet.com\/mindfulness\/#website","url":"https:\/\/ghamelet.com\/mindfulness\/","name":"Genevi\u00e8ve Hamelet","description":"Mindfulness","potentialAction":[{"@type":"SearchAction","target":{"@type":"EntryPoint","urlTemplate":"https:\/\/ghamelet.com\/mindfulness\/?s={search_term_string}"},"query-input":{"@type":"PropertyValueSpecification","valueRequired":true,"valueName":"search_term_string"}}],"inLanguage":"fr-FR"}]}},"jetpack_sharing_enabled":true,"_links":{"self":[{"href":"https:\/\/ghamelet.com\/mindfulness\/wp-json\/wp\/v2\/pages\/3746","targetHints":{"allow":["GET"]}}],"collection":[{"href":"https:\/\/ghamelet.com\/mindfulness\/wp-json\/wp\/v2\/pages"}],"about":[{"href":"https:\/\/ghamelet.com\/mindfulness\/wp-json\/wp\/v2\/types\/page"}],"author":[{"embeddable":true,"href":"https:\/\/ghamelet.com\/mindfulness\/wp-json\/wp\/v2\/users\/3"}],"replies":[{"embeddable":true,"href":"https:\/\/ghamelet.com\/mindfulness\/wp-json\/wp\/v2\/comments?post=3746"}],"version-history":[{"count":7,"href":"https:\/\/ghamelet.com\/mindfulness\/wp-json\/wp\/v2\/pages\/3746\/revisions"}],"predecessor-version":[{"id":3791,"href":"https:\/\/ghamelet.com\/mindfulness\/wp-json\/wp\/v2\/pages\/3746\/revisions\/3791"}],"wp:attachment":[{"href":"https:\/\/ghamelet.com\/mindfulness\/wp-json\/wp\/v2\/media?parent=3746"}],"curies":[{"name":"wp","href":"https:\/\/api.w.org\/{rel}","templated":true}]}}