{"id":4591,"date":"2021-08-14T15:21:41","date_gmt":"2021-08-14T13:21:41","guid":{"rendered":"https:\/\/ghamelet.com\/mindfulness\/?page_id=4591"},"modified":"2024-11-27T14:42:06","modified_gmt":"2024-11-27T13:42:06","slug":"soirees-de-soutien-a-la-pratique","status":"publish","type":"page","link":"https:\/\/ghamelet.com\/mindfulness\/soirees-de-soutien-a-la-pratique\/","title":{"rendered":"Soir\u00e9e(s) de soutien \u00e0 la pratique"},"content":{"rendered":"<div class=\"fusion-fullwidth fullwidth-box fusion-builder-row-1 nonhundred-percent-fullwidth non-hundred-percent-height-scrolling\" style=\"--awb-border-radius-top-left:0px;--awb-border-radius-top-right:0px;--awb-border-radius-bottom-right:0px;--awb-border-radius-bottom-left:0px;--awb-flex-wrap:wrap;\" ><div class=\"fusion-builder-row fusion-row\"><div class=\"fusion-layout-column fusion_builder_column fusion-builder-column-0 fusion_builder_column_1_1 1_1 fusion-one-full fusion-column-first fusion-column-last\" style=\"--awb-bg-size:cover;--awb-margin-bottom:0px;\"><div class=\"fusion-column-wrapper fusion-flex-column-wrapper-legacy\"><div class=\"fusion-text fusion-text-1\"><h2 style=\"text-align: center;\">\u00a0 \u00a0 <img decoding=\"async\" class=\"alignnone wp-image-4841\" src=\"https:\/\/ghamelet.com\/mindfulness\/wp-content\/uploads\/2024\/01\/soutien-1.jpg\" alt=\"\" width=\"367\" height=\"244\" srcset=\"https:\/\/ghamelet.com\/mindfulness\/wp-content\/uploads\/2024\/01\/soutien-1-200x133.jpg 200w, https:\/\/ghamelet.com\/mindfulness\/wp-content\/uploads\/2024\/01\/soutien-1.jpg 275w\" sizes=\"(max-width: 367px) 100vw, 367px\" \/><\/h2>\n<h2 style=\"text-align: center;\"><strong>Soir\u00e9e(s) d\u00e9couverte et de soutien \u00e0 la pratique<br \/>\n<\/strong><\/h2>\n<h3 style=\"text-align: center;\"><strong><span class=\"yiv7758712729\">\u00ab\u00a0MBSR-Live-Online\u00a0\u00bb<\/span><\/strong><\/h3>\n<div>La r\u00e9gularit\u00e9 et la r\u00e9p\u00e9tition sont un \u00e9l\u00e9ment essentiel pour \u00e9tablir de nouvelles connexions neuronales et ces s\u00e9ances permettent de retrouver le soutien d\u2019un groupe\u00a0pour maintenir ou raviver sa pratique de Pleine Conscience, tout en procurant un profond ressourcement \u00e0 l\u2019issue d\u2019une journ\u00e9e de travail.<\/div>\n<div>Elles se d\u00e9roulent\u00a0 dans une alternance de m\u00e9ditations\u00a0guid\u00e9es, avec\u00a0un temps d&rsquo;\u00e9change et de questions en\u00a0fin de la soir\u00e9e.<\/div>\n<\/div><div class=\"fusion-tabs fusion-tabs-1 classic nav-is-justified horizontal-tabs icon-position-left mobile-mode-accordion\" style=\"--awb-title-border-radius-top-left:0px;--awb-title-border-radius-top-right:0px;--awb-title-border-radius-bottom-right:0px;--awb-title-border-radius-bottom-left:0px;--awb-alignment:start;--awb-inactive-color:#ebeaea;--awb-background-color:#ffffff;--awb-border-color:#ebeaea;--awb-active-border-color:#9e9e9e;\"><div class=\"nav\"><ul class=\"nav-tabs nav-justified\" role=\"tablist\" aria-orientation=\"horizontal\"><li class=\"active\" role=\"presentation\"><a class=\"tab-link\" data-toggle=\"tab\" role=\"tab\" aria-controls=\"tab-3c9080c7cd6fd824b68\" aria-selected=\"true\" tabindex=\"0\" id=\"fusion-tab-3c9080c7cd6fd824b68\" href=\"#tab-3c9080c7cd6fd824b68\"><h4 class=\"fusion-tab-heading\">DATES DES JOURNEES<\/h4><\/a><\/li><li  role=\"presentation\"><a class=\"tab-link\" data-toggle=\"tab\" role=\"tab\" aria-controls=\"tab-c4da11a789e3c9ea91b\" aria-selected=\"false\" tabindex=\"-1\" id=\"fusion-tab-c4da11a789e3c9ea91b\" href=\"#tab-c4da11a789e3c9ea91b\"><h4 class=\"fusion-tab-heading\">Tarifs et modalit\u00e9s d'inscription<\/h4><\/a><\/li><li  role=\"presentation\"><a class=\"tab-link\" data-toggle=\"tab\" role=\"tab\" aria-controls=\"tab-af4450688b81130ed84\" aria-selected=\"false\" tabindex=\"-1\" id=\"fusion-tab-af4450688b81130ed84\" href=\"#tab-af4450688b81130ed84\"><h4 class=\"fusion-tab-heading\">A propos du programme MBSR<\/h4><\/a><\/li><li  role=\"presentation\"><a class=\"tab-link\" data-toggle=\"tab\" role=\"tab\" aria-controls=\"tab-e7bdb1d11fed0b9ad7b\" aria-selected=\"false\" tabindex=\"-1\" id=\"fusion-tab-e7bdb1d11fed0b9ad7b\" href=\"#tab-e7bdb1d11fed0b9ad7b\"><h4 class=\"fusion-tab-heading\">Vous avez des questions ?<\/h4><\/a><\/li><\/ul><\/div><div class=\"tab-content\"><div class=\"nav fusion-mobile-tab-nav\"><ul class=\"nav-tabs nav-justified\" role=\"tablist\" aria-orientation=\"horizontal\"><li class=\"active\" role=\"presentation\"><a class=\"tab-link\" data-toggle=\"tab\" role=\"tab\" aria-controls=\"tab-3c9080c7cd6fd824b68\" aria-selected=\"true\" tabindex=\"0\" id=\"mobile-fusion-tab-3c9080c7cd6fd824b68\" href=\"#tab-3c9080c7cd6fd824b68\"><h4 class=\"fusion-tab-heading\">DATES DES JOURNEES<\/h4><\/a><\/li><\/ul><\/div><div class=\"tab-pane fade fusion-clearfix in active\" role=\"tabpanel\" tabindex=\"0\" aria-labelledby=\"fusion-tab-3c9080c7cd6fd824b68\" id=\"tab-3c9080c7cd6fd824b68\">\n<p>Le maintien de ces soir\u00e9es sont d\u00e9pendantes d&rsquo;un nombre suffisants d&rsquo;inscriptions &#8211; merci de penser\u00a0 vous inscrire \u00e0 l&rsquo;avance svp<\/p>\n<ul>\n<li><strong>Dates : prochaines dates \u00e0 venir<br \/>\n<\/strong><\/li>\n<\/ul>\n<p><strong>Adresse:<\/strong> <span class=\"yiv3298353655ydpeab74e6fyiv7475221512\">ces journ\u00e9es seront effectu\u00e9es en visioconf\u00e9rence via la plateforme zoom<br \/>\n<\/span><\/p>\n<p>__________________________________________________________________________________________________________________________________________________________________________________________<\/p>\n<p><strong>Horaires:<\/strong> 19:00 \u00e0 21:00<\/p>\n<p><strong>Mat\u00e9riel<\/strong>\u00a0:<\/p>\n<p>Les informations vous seront transmises par email.<\/p>\n<p>Pour que la soir\u00e9e se passe au mieux, voici quelques informations ou rappels :<\/p>\n<ul>\n<li>Trouver un <strong>lieu calme<\/strong>, o\u00f9 vous vous sentez en s\u00e9curit\u00e9, neutre, o\u00f9 vous ne serez pas d\u00e9rang\u00e9-es (\u00e9viter les portes ou passages derri\u00e8re vous).<\/li>\n<li>Pr\u00e9parer \u00e0 l\u2019avance <strong>le\u00a0mat\u00e9riel <\/strong>dont vous aurez besoin : tapis de yoga ou \u00e9quivalent, coussin ou chaise, ch\u00e2le\u2026<\/li>\n<li><strong>Arriver en avance\u00a0<\/strong>pour v\u00e9rifier vos connexions<strong>; vous serez dans u<\/strong>ne\u00a0<u>salle d\u2019attente\u00a0<\/u>et accueilli(e)s\u00a0un(e) par un(e).<\/li>\n<li><strong>La salle de r\u00e9union sera accessible <u>15 min<\/u> avant le d\u00e9but de la s\u00e9ance<\/strong>.<\/li>\n<li><strong>Couper tous les programmes<\/strong> sur votre \u00e9cran d\u2019ordinateur : il est important de se donner l\u2019espace comme dans une salle.<\/li>\n<\/ul>\n<\/div><div class=\"nav fusion-mobile-tab-nav\"><ul class=\"nav-tabs nav-justified\" role=\"tablist\" aria-orientation=\"horizontal\"><li  role=\"presentation\"><a class=\"tab-link\" data-toggle=\"tab\" role=\"tab\" aria-controls=\"tab-c4da11a789e3c9ea91b\" aria-selected=\"false\" tabindex=\"-1\" id=\"mobile-fusion-tab-c4da11a789e3c9ea91b\" href=\"#tab-c4da11a789e3c9ea91b\"><h4 class=\"fusion-tab-heading\">Tarifs et modalit\u00e9s d'inscription<\/h4><\/a><\/li><\/ul><\/div><div class=\"tab-pane fade fusion-clearfix\" role=\"tabpanel\" tabindex=\"0\" aria-labelledby=\"fusion-tab-c4da11a789e3c9ea91b\" id=\"tab-c4da11a789e3c9ea91b\">\n<p><strong>Tarif sugg\u00e9r\u00e9 pour une soir\u00e9e <\/strong>: 16\u20ac HT + 4\u20ac TVA = <strong>20\u20ac TTC <\/strong>adaptable \u00e0 votre situation financi\u00e8re, celle-ci ne devant pas \u00eatre un frein.<strong><br \/>\n<\/strong><\/p>\n<p><em>Attention, le tarif forfaitaire implique votre participation \u00e0 chaque s\u00e9ance &#8211; aucun remboursement ne sera possible si vous ratez une s\u00e9ance.<\/em><\/p>\n<p>Le mode de paiement : par ch\u00e8que ou PayPal. Votre inscription ne sera valid\u00e9e qu\u2019\u00e0 r\u00e9ception du paiement<br \/>\n<em>Facilit\u00e9s de\u00a0paiement possible<\/em><\/p>\n<p><strong>MODALIT\u00c9S D\u2019INSCRIPTIONS<\/strong><\/p>\n<p>Pour toute demande de renseignement et inscription, merci de <span style=\"text-decoration: underline;\"><span style=\"color: #ff00ff; text-decoration: underline;\"><a style=\"color: #ff00ff; text-decoration: underline;\" href=\"https:\/\/ghamelet.com\/mindfulness\/contact\/\">nous \u00e9crire<\/a><\/span><\/span>.<\/p>\n<\/div><div class=\"nav fusion-mobile-tab-nav\"><ul class=\"nav-tabs nav-justified\" role=\"tablist\" aria-orientation=\"horizontal\"><li  role=\"presentation\"><a class=\"tab-link\" data-toggle=\"tab\" role=\"tab\" aria-controls=\"tab-af4450688b81130ed84\" aria-selected=\"false\" tabindex=\"-1\" id=\"mobile-fusion-tab-af4450688b81130ed84\" href=\"#tab-af4450688b81130ed84\"><h4 class=\"fusion-tab-heading\">A propos du programme MBSR<\/h4><\/a><\/li><\/ul><\/div><div class=\"tab-pane fade fusion-clearfix\" role=\"tabpanel\" tabindex=\"0\" aria-labelledby=\"fusion-tab-af4450688b81130ed84\" id=\"tab-af4450688b81130ed84\">\n<p>La pratique de \u00abMindfulness\u00bb, ou \u00abPleine Conscience\u00bb en Fran\u00e7ais, d\u00e9signe un entra\u00eenement de\u2028 l\u2019esprit par l\u2019attention et la pr\u00e9sence, qui nous lib\u00e8re des m\u00e9canismes automatiques trop souvent ali\u00e9nants. <a href=\"https:\/\/ghamelet.com\/mindfulness\/presentation-programme-mbsr\/\" target=\"_blank\" rel=\"noopener noreferrer\">Lire<\/a><\/p>\n<p><strong>OBJECTIFS DU PROGRAMME MBSR<\/strong><\/p>\n<p>Les participants \/ stagiaires auront une vue globale des pratiques utilis\u00e9es dans le d\u00e9veloppement de l\u2019attention et des outils \u2028qui permettent de faire face \u00e0 diverses conditions de vie tel que des conditions de travail exigeantes, des conflits,\u2028 des risque psycho-sociaux, de burn-out, etc. <a href=\"https:\/\/ghamelet.com\/mindfulness\/presentation-programme-mbsr\/\" target=\"_blank\" rel=\"noopener noreferrer\">Lire<\/a><\/p>\n<p><strong>MOYENS P\u00c9DAGOGIQUES ET TECHNIQUES<\/strong><\/p>\n<p>8 s\u00e9ances hebdomadaires d\u2019une dur\u00e9e moyenne de 2h30 \u00e0 3h d\u2019entra\u00eenement, avec des expos\u00e9s th\u00e9oriques durant lesquels les bases scientifiques et historiques de la m\u00e9thode seront pr\u00e9sent\u00e9es et permettront d\u2019 introduire les diff\u00e9rents moyens p\u00e9dagogiques utilis\u00e9es : <a href=\"https:\/\/ghamelet.com\/mindfulness\/presentation-programme-mbsr\/\" target=\"_blank\" rel=\"noopener noreferrer\">Lire<\/a><\/p>\n<p>Attention : La participation \u00e0 ce protocole ne tient pas lieu de formation qualifiante<\/p>\n<\/div><div class=\"nav fusion-mobile-tab-nav\"><ul class=\"nav-tabs nav-justified\" role=\"tablist\" aria-orientation=\"horizontal\"><li  role=\"presentation\"><a class=\"tab-link\" data-toggle=\"tab\" role=\"tab\" aria-controls=\"tab-e7bdb1d11fed0b9ad7b\" aria-selected=\"false\" tabindex=\"-1\" id=\"mobile-fusion-tab-e7bdb1d11fed0b9ad7b\" href=\"#tab-e7bdb1d11fed0b9ad7b\"><h4 class=\"fusion-tab-heading\">Vous avez des questions ?<\/h4><\/a><\/li><\/ul><\/div><div class=\"tab-pane fade fusion-clearfix\" role=\"tabpanel\" tabindex=\"0\" aria-labelledby=\"fusion-tab-e7bdb1d11fed0b9ad7b\" id=\"tab-e7bdb1d11fed0b9ad7b\">\n<div class=\"wpcf7 no-js\" id=\"wpcf7-f10-o1\" lang=\"fr-FR\" dir=\"ltr\" data-wpcf7-id=\"10\">\n<div class=\"screen-reader-response\"><p role=\"status\" aria-live=\"polite\" aria-atomic=\"true\"><\/p> <ul><\/ul><\/div>\n<form action=\"\/mindfulness\/wp-json\/wp\/v2\/pages\/4591#wpcf7-f10-o1\" method=\"post\" class=\"wpcf7-form init cf7skins cf7s-topaz\" aria-label=\"Formulaire de contact\" novalidate=\"novalidate\" data-status=\"init\">\n<fieldset class=\"hidden-fields-container\"><input type=\"hidden\" name=\"_wpcf7\" value=\"10\" \/><input type=\"hidden\" name=\"_wpcf7_version\" value=\"6.1.5\" \/><input type=\"hidden\" name=\"_wpcf7_locale\" value=\"fr_FR\" \/><input type=\"hidden\" name=\"_wpcf7_unit_tag\" value=\"wpcf7-f10-o1\" \/><input type=\"hidden\" name=\"_wpcf7_container_post\" value=\"0\" \/><input type=\"hidden\" name=\"_wpcf7_posted_data_hash\" value=\"\" \/><input type=\"hidden\" name=\"_wpcf7_recaptcha_response\" value=\"\" \/>\n<\/fieldset>\n<p>Votre nom (*)<br \/>\n    <span class=\"wpcf7-form-control-wrap\" data-name=\"your-name\"><input size=\"40\" maxlength=\"400\" class=\"wpcf7-form-control wpcf7-text wpcf7-validates-as-required\" aria-required=\"true\" aria-invalid=\"false\" value=\"\" type=\"text\" name=\"your-name\" \/><\/span> <\/p>\n\n<p>Votre email (*)<br \/>\n    <span class=\"wpcf7-form-control-wrap\" data-name=\"your-email\"><input size=\"40\" maxlength=\"400\" class=\"wpcf7-form-control wpcf7-email wpcf7-validates-as-required wpcf7-text wpcf7-validates-as-email\" aria-required=\"true\" aria-invalid=\"false\" value=\"\" type=\"email\" name=\"your-email\" \/><\/span> <\/p>\n\n<p>Sujet<br \/>\n    <span class=\"wpcf7-form-control-wrap\" data-name=\"your-subject\"><input size=\"40\" maxlength=\"400\" class=\"wpcf7-form-control wpcf7-text wpcf7-validates-as-required\" aria-required=\"true\" aria-invalid=\"false\" value=\"\" type=\"text\" name=\"your-subject\" \/><\/span> <\/p>\n\n<p>Votre message<br \/>\n    <span class=\"wpcf7-form-control-wrap\" data-name=\"your-message\"><textarea cols=\"40\" rows=\"10\" maxlength=\"2000\" class=\"wpcf7-form-control wpcf7-textarea\" aria-invalid=\"false\" name=\"your-message\"><\/textarea><\/span> <\/p>\n\n<p> \n    <!-- Mailchimp for WordPress v4.12.1 - https:\/\/www.mc4wp.com\/ --><input type=\"hidden\" name=\"_mc4wp_subscribe_contact-form-7\" value=\"0\" \/><span class=\"mc4wp-checkbox mc4wp-checkbox-contact-form-7 \"><label><input type=\"checkbox\" name=\"_mc4wp_subscribe_contact-form-7\" value=\"1\" ><span>Inscrivez-vous pour recevoir notre lettre d'information !<\/span><\/label><\/span><!-- \/ Mailchimp for WordPress --> <\/p>\n\n<p><input class=\"wpcf7-form-control wpcf7-submit has-spinner\" type=\"submit\" value=\"Envoyer\" \/> <\/p>\n\n<p><h6><em>(* obligatoire)<\/em><\/h6> <\/p><div class=\"fusion-alert alert custom alert-custom fusion-alert-center wpcf7-response-output fusion-alert-capitalize awb-alert-native-link-color alert-dismissable awb-alert-close-boxed\" style=\"--awb-border-size:1px;--awb-border-top-left-radius:0px;--awb-border-top-right-radius:0px;--awb-border-bottom-left-radius:0px;--awb-border-bottom-right-radius:0px;\" role=\"alert\"><div class=\"fusion-alert-content-wrapper\"><span class=\"fusion-alert-content\"><\/span><\/div><button type=\"button\" class=\"close toggle-alert\" data-dismiss=\"alert\" aria-label=\"Close\">&times;<\/button><\/div>\n<\/form>\n<\/div>\n<\/div><\/div><\/div><div class=\"fusion-clearfix\"><\/div><\/div><\/div><\/div><\/div>\n","protected":false},"excerpt":{"rendered":"","protected":false},"author":3,"featured_media":0,"parent":0,"menu_order":0,"comment_status":"closed","ping_status":"closed","template":"","meta":{"footnotes":""},"class_list":["post-4591","page","type-page","status-publish","hentry"],"yoast_head":"<!-- This site is optimized with the Yoast SEO plugin v27.4 - https:\/\/yoast.com\/product\/yoast-seo-wordpress\/ -->\n<title>Soir\u00e9e(s) de soutien \u00e0 la pratique - Genevi\u00e8ve Hamelet<\/title>\n<meta name=\"robots\" content=\"index, follow, max-snippet:-1, max-image-preview:large, max-video-preview:-1\" \/>\n<link rel=\"canonical\" href=\"https:\/\/ghamelet.com\/mindfulness\/soirees-de-soutien-a-la-pratique\/\" \/>\n<meta property=\"og:locale\" content=\"fr_FR\" \/>\n<meta property=\"og:type\" content=\"article\" \/>\n<meta property=\"og:title\" content=\"Soir\u00e9e(s) de soutien \u00e0 la pratique - Genevi\u00e8ve Hamelet\" \/>\n<meta property=\"og:url\" content=\"https:\/\/ghamelet.com\/mindfulness\/soirees-de-soutien-a-la-pratique\/\" \/>\n<meta property=\"og:site_name\" content=\"Genevi\u00e8ve Hamelet\" \/>\n<meta property=\"article:modified_time\" content=\"2024-11-27T13:42:06+00:00\" \/>\n<meta property=\"og:image\" content=\"https:\/\/ghamelet.com\/mindfulness\/wp-content\/uploads\/2024\/01\/soutien-1.jpg\" \/>\n<meta name=\"twitter:card\" content=\"summary_large_image\" \/>\n<meta name=\"twitter:label1\" content=\"Dur\u00e9e de lecture estim\u00e9e\" \/>\n\t<meta name=\"twitter:data1\" content=\"3 minutes\" \/>\n<script type=\"application\/ld+json\" class=\"yoast-schema-graph\">{\"@context\":\"https:\\\/\\\/schema.org\",\"@graph\":[{\"@type\":\"WebPage\",\"@id\":\"https:\\\/\\\/ghamelet.com\\\/mindfulness\\\/soirees-de-soutien-a-la-pratique\\\/\",\"url\":\"https:\\\/\\\/ghamelet.com\\\/mindfulness\\\/soirees-de-soutien-a-la-pratique\\\/\",\"name\":\"Soir\u00e9e(s) de soutien \u00e0 la pratique - Genevi\u00e8ve Hamelet\",\"isPartOf\":{\"@id\":\"https:\\\/\\\/ghamelet.com\\\/mindfulness\\\/#website\"},\"primaryImageOfPage\":{\"@id\":\"https:\\\/\\\/ghamelet.com\\\/mindfulness\\\/soirees-de-soutien-a-la-pratique\\\/#primaryimage\"},\"image\":{\"@id\":\"https:\\\/\\\/ghamelet.com\\\/mindfulness\\\/soirees-de-soutien-a-la-pratique\\\/#primaryimage\"},\"thumbnailUrl\":\"https:\\\/\\\/ghamelet.com\\\/mindfulness\\\/wp-content\\\/uploads\\\/2024\\\/01\\\/soutien-1.jpg\",\"datePublished\":\"2021-08-14T13:21:41+00:00\",\"dateModified\":\"2024-11-27T13:42:06+00:00\",\"breadcrumb\":{\"@id\":\"https:\\\/\\\/ghamelet.com\\\/mindfulness\\\/soirees-de-soutien-a-la-pratique\\\/#breadcrumb\"},\"inLanguage\":\"fr-FR\",\"potentialAction\":[{\"@type\":\"ReadAction\",\"target\":[\"https:\\\/\\\/ghamelet.com\\\/mindfulness\\\/soirees-de-soutien-a-la-pratique\\\/\"]}]},{\"@type\":\"ImageObject\",\"inLanguage\":\"fr-FR\",\"@id\":\"https:\\\/\\\/ghamelet.com\\\/mindfulness\\\/soirees-de-soutien-a-la-pratique\\\/#primaryimage\",\"url\":\"https:\\\/\\\/ghamelet.com\\\/mindfulness\\\/wp-content\\\/uploads\\\/2024\\\/01\\\/soutien-1.jpg\",\"contentUrl\":\"https:\\\/\\\/ghamelet.com\\\/mindfulness\\\/wp-content\\\/uploads\\\/2024\\\/01\\\/soutien-1.jpg\",\"width\":275,\"height\":183},{\"@type\":\"BreadcrumbList\",\"@id\":\"https:\\\/\\\/ghamelet.com\\\/mindfulness\\\/soirees-de-soutien-a-la-pratique\\\/#breadcrumb\",\"itemListElement\":[{\"@type\":\"ListItem\",\"position\":1,\"name\":\"Accueil\",\"item\":\"https:\\\/\\\/ghamelet.com\\\/mindfulness\\\/\"},{\"@type\":\"ListItem\",\"position\":2,\"name\":\"Soir\u00e9e(s) de soutien \u00e0 la pratique\"}]},{\"@type\":\"WebSite\",\"@id\":\"https:\\\/\\\/ghamelet.com\\\/mindfulness\\\/#website\",\"url\":\"https:\\\/\\\/ghamelet.com\\\/mindfulness\\\/\",\"name\":\"Genevi\u00e8ve Hamelet\",\"description\":\"Mindfulness\",\"potentialAction\":[{\"@type\":\"SearchAction\",\"target\":{\"@type\":\"EntryPoint\",\"urlTemplate\":\"https:\\\/\\\/ghamelet.com\\\/mindfulness\\\/?s={search_term_string}\"},\"query-input\":{\"@type\":\"PropertyValueSpecification\",\"valueRequired\":true,\"valueName\":\"search_term_string\"}}],\"inLanguage\":\"fr-FR\"}]}<\/script>\n<!-- \/ Yoast SEO plugin. -->","yoast_head_json":{"title":"Soir\u00e9e(s) de soutien \u00e0 la pratique - Genevi\u00e8ve Hamelet","robots":{"index":"index","follow":"follow","max-snippet":"max-snippet:-1","max-image-preview":"max-image-preview:large","max-video-preview":"max-video-preview:-1"},"canonical":"https:\/\/ghamelet.com\/mindfulness\/soirees-de-soutien-a-la-pratique\/","og_locale":"fr_FR","og_type":"article","og_title":"Soir\u00e9e(s) de soutien \u00e0 la pratique - Genevi\u00e8ve Hamelet","og_url":"https:\/\/ghamelet.com\/mindfulness\/soirees-de-soutien-a-la-pratique\/","og_site_name":"Genevi\u00e8ve Hamelet","article_modified_time":"2024-11-27T13:42:06+00:00","og_image":[{"url":"https:\/\/ghamelet.com\/mindfulness\/wp-content\/uploads\/2024\/01\/soutien-1.jpg","type":"","width":"","height":""}],"twitter_card":"summary_large_image","twitter_misc":{"Dur\u00e9e de lecture estim\u00e9e":"3 minutes"},"schema":{"@context":"https:\/\/schema.org","@graph":[{"@type":"WebPage","@id":"https:\/\/ghamelet.com\/mindfulness\/soirees-de-soutien-a-la-pratique\/","url":"https:\/\/ghamelet.com\/mindfulness\/soirees-de-soutien-a-la-pratique\/","name":"Soir\u00e9e(s) de soutien \u00e0 la pratique - Genevi\u00e8ve Hamelet","isPartOf":{"@id":"https:\/\/ghamelet.com\/mindfulness\/#website"},"primaryImageOfPage":{"@id":"https:\/\/ghamelet.com\/mindfulness\/soirees-de-soutien-a-la-pratique\/#primaryimage"},"image":{"@id":"https:\/\/ghamelet.com\/mindfulness\/soirees-de-soutien-a-la-pratique\/#primaryimage"},"thumbnailUrl":"https:\/\/ghamelet.com\/mindfulness\/wp-content\/uploads\/2024\/01\/soutien-1.jpg","datePublished":"2021-08-14T13:21:41+00:00","dateModified":"2024-11-27T13:42:06+00:00","breadcrumb":{"@id":"https:\/\/ghamelet.com\/mindfulness\/soirees-de-soutien-a-la-pratique\/#breadcrumb"},"inLanguage":"fr-FR","potentialAction":[{"@type":"ReadAction","target":["https:\/\/ghamelet.com\/mindfulness\/soirees-de-soutien-a-la-pratique\/"]}]},{"@type":"ImageObject","inLanguage":"fr-FR","@id":"https:\/\/ghamelet.com\/mindfulness\/soirees-de-soutien-a-la-pratique\/#primaryimage","url":"https:\/\/ghamelet.com\/mindfulness\/wp-content\/uploads\/2024\/01\/soutien-1.jpg","contentUrl":"https:\/\/ghamelet.com\/mindfulness\/wp-content\/uploads\/2024\/01\/soutien-1.jpg","width":275,"height":183},{"@type":"BreadcrumbList","@id":"https:\/\/ghamelet.com\/mindfulness\/soirees-de-soutien-a-la-pratique\/#breadcrumb","itemListElement":[{"@type":"ListItem","position":1,"name":"Accueil","item":"https:\/\/ghamelet.com\/mindfulness\/"},{"@type":"ListItem","position":2,"name":"Soir\u00e9e(s) de soutien \u00e0 la pratique"}]},{"@type":"WebSite","@id":"https:\/\/ghamelet.com\/mindfulness\/#website","url":"https:\/\/ghamelet.com\/mindfulness\/","name":"Genevi\u00e8ve Hamelet","description":"Mindfulness","potentialAction":[{"@type":"SearchAction","target":{"@type":"EntryPoint","urlTemplate":"https:\/\/ghamelet.com\/mindfulness\/?s={search_term_string}"},"query-input":{"@type":"PropertyValueSpecification","valueRequired":true,"valueName":"search_term_string"}}],"inLanguage":"fr-FR"}]}},"jetpack_sharing_enabled":true,"_links":{"self":[{"href":"https:\/\/ghamelet.com\/mindfulness\/wp-json\/wp\/v2\/pages\/4591","targetHints":{"allow":["GET"]}}],"collection":[{"href":"https:\/\/ghamelet.com\/mindfulness\/wp-json\/wp\/v2\/pages"}],"about":[{"href":"https:\/\/ghamelet.com\/mindfulness\/wp-json\/wp\/v2\/types\/page"}],"author":[{"embeddable":true,"href":"https:\/\/ghamelet.com\/mindfulness\/wp-json\/wp\/v2\/users\/3"}],"replies":[{"embeddable":true,"href":"https:\/\/ghamelet.com\/mindfulness\/wp-json\/wp\/v2\/comments?post=4591"}],"version-history":[{"count":18,"href":"https:\/\/ghamelet.com\/mindfulness\/wp-json\/wp\/v2\/pages\/4591\/revisions"}],"predecessor-version":[{"id":5201,"href":"https:\/\/ghamelet.com\/mindfulness\/wp-json\/wp\/v2\/pages\/4591\/revisions\/5201"}],"wp:attachment":[{"href":"https:\/\/ghamelet.com\/mindfulness\/wp-json\/wp\/v2\/media?parent=4591"}],"curies":[{"name":"wp","href":"https:\/\/api.w.org\/{rel}","templated":true}]}}