{"id":4872,"date":"2024-01-05T15:45:37","date_gmt":"2024-01-05T14:45:37","guid":{"rendered":"https:\/\/ghamelet.com\/mindfulness\/?page_id=4872"},"modified":"2024-01-05T16:08:58","modified_gmt":"2024-01-05T15:08:58","slug":"programmes-ripa","status":"publish","type":"page","link":"https:\/\/ghamelet.com\/mindfulness\/programmes-ripa\/","title":{"rendered":"Programmes RIPA"},"content":{"rendered":"<div class=\"fusion-fullwidth fullwidth-box fusion-builder-row-1 nonhundred-percent-fullwidth non-hundred-percent-height-scrolling\" style=\"--awb-border-radius-top-left:0px;--awb-border-radius-top-right:0px;--awb-border-radius-bottom-right:0px;--awb-border-radius-bottom-left:0px;--awb-flex-wrap:wrap;\" ><div class=\"fusion-builder-row fusion-row\"><div class=\"fusion-layout-column fusion_builder_column fusion-builder-column-0 fusion_builder_column_1_1 1_1 fusion-one-full fusion-column-first fusion-column-last\" style=\"--awb-bg-size:cover;--awb-margin-bottom:0px;\"><div class=\"fusion-column-wrapper fusion-flex-column-wrapper-legacy\"><div class=\"fusion-text fusion-text-1\"><h3><img decoding=\"async\" class=\"wp-image-4873 aligncenter\" src=\"https:\/\/ghamelet.com\/mindfulness\/wp-content\/uploads\/2024\/01\/Ripa-International-Center.jpg\" alt=\"\" width=\"382\" height=\"215\" srcset=\"https:\/\/ghamelet.com\/mindfulness\/wp-content\/uploads\/2024\/01\/Ripa-International-Center-200x113.jpg 200w, https:\/\/ghamelet.com\/mindfulness\/wp-content\/uploads\/2024\/01\/Ripa-International-Center-300x169.jpg 300w, https:\/\/ghamelet.com\/mindfulness\/wp-content\/uploads\/2024\/01\/Ripa-International-Center-400x225.jpg 400w, https:\/\/ghamelet.com\/mindfulness\/wp-content\/uploads\/2024\/01\/Ripa-International-Center-600x338.jpg 600w, https:\/\/ghamelet.com\/mindfulness\/wp-content\/uploads\/2024\/01\/Ripa-International-Center-768x432.jpg 768w, https:\/\/ghamelet.com\/mindfulness\/wp-content\/uploads\/2024\/01\/Ripa-International-Center-800x450.jpg 800w, https:\/\/ghamelet.com\/mindfulness\/wp-content\/uploads\/2024\/01\/Ripa-International-Center-1024x576.jpg 1024w, https:\/\/ghamelet.com\/mindfulness\/wp-content\/uploads\/2024\/01\/Ripa-International-Center-1200x675.jpg 1200w, https:\/\/ghamelet.com\/mindfulness\/wp-content\/uploads\/2024\/01\/Ripa-International-Center-1536x864.jpg 1536w, https:\/\/ghamelet.com\/mindfulness\/wp-content\/uploads\/2024\/01\/Ripa-International-Center.jpg 1920w\" sizes=\"(max-width: 382px) 100vw, 382px\" \/><\/h3>\n<h3>Le <span style=\"text-decoration: underline;\"><span style=\"color: #0000ff; text-decoration: underline;\"><a style=\"color: #0000ff; text-decoration: underline;\" href=\"https:\/\/ripa-international.com\/?lang=fr\">Centre Ripa international<\/a><\/span><\/span> est le si\u00e8ge international de la lign\u00e9e de Ripa \u00e0 l\u2019Ouest. C\u2019est un centre ouvert pour toutes les \u00e9coles bouddhistes, avec un accent particulier sur le bouddhisme Vajrayana en g\u00e9n\u00e9ral et la lign\u00e9e Ripa en particulier. Le centre a \u00e9t\u00e9 inaugur\u00e9 en juillet 2012 sous les auspices des trois enseignants de la lign\u00e9e, S.E. Namkha Drimed Rabjam Rinpoch\u00e9, Dungsey Gyetrul Jigm\u00e9 Rinpoch\u00e9 et Dungsey Lhuntrul Dechen Gyurmey Rinpoch\u00e9.<\/h3>\n<\/div><div class=\"fusion-tabs fusion-tabs-1 classic nav-is-justified horizontal-tabs icon-position-left mobile-mode-accordion\" style=\"--awb-title-border-radius-top-left:0px;--awb-title-border-radius-top-right:0px;--awb-title-border-radius-bottom-right:0px;--awb-title-border-radius-bottom-left:0px;--awb-inactive-color:#ebeaea;--awb-background-color:#ffffff;--awb-border-color:#ebeaea;--awb-active-border-color:#9e9e9e;\"><div class=\"nav\"><ul class=\"nav-tabs nav-justified\" role=\"tablist\" aria-orientation=\"horizontal\"><li class=\"active\" role=\"presentation\"><a class=\"tab-link\" data-toggle=\"tab\" role=\"tab\" aria-controls=\"tab-2768248a757a1196013\" aria-selected=\"true\" tabindex=\"0\" id=\"fusion-tab-2768248a757a1196013\" href=\"#tab-2768248a757a1196013\"><h4 class=\"fusion-tab-heading\">ATELIERS ET RETRAITES<\/h4><\/a><\/li><li  role=\"presentation\"><a class=\"tab-link\" data-toggle=\"tab\" role=\"tab\" aria-controls=\"tab-76e1e4a68c0890a9560\" aria-selected=\"false\" tabindex=\"-1\" id=\"fusion-tab-76e1e4a68c0890a9560\" href=\"#tab-76e1e4a68c0890a9560\"><h4 class=\"fusion-tab-heading\">Vous abonner \u00e0 la lettre d'information<\/h4><\/a><\/li><\/ul><\/div><div class=\"tab-content\"><div class=\"nav fusion-mobile-tab-nav\"><ul class=\"nav-tabs nav-justified\" role=\"tablist\" aria-orientation=\"horizontal\"><li class=\"active\" role=\"presentation\"><a class=\"tab-link\" data-toggle=\"tab\" role=\"tab\" aria-controls=\"tab-2768248a757a1196013\" aria-selected=\"true\" tabindex=\"0\" id=\"mobile-fusion-tab-2768248a757a1196013\" href=\"#tab-2768248a757a1196013\"><h4 class=\"fusion-tab-heading\">ATELIERS ET RETRAITES<\/h4><\/a><\/li><\/ul><\/div><div class=\"tab-pane fade fusion-clearfix in active\" role=\"tabpanel\" tabindex=\"0\" aria-labelledby=\"fusion-tab-2768248a757a1196013\" id=\"tab-2768248a757a1196013\">\n<p><strong>PROGRAMMES RIPA<br \/>\n<\/strong><\/p>\n<ul>\n<li><strong>\u00a0Cycle RAM (<\/strong><strong>Ripa Awareness Meditation) <\/strong><strong>de 5 s\u00e9ances en ligne: <\/strong>les lundis 18 &amp; 25 mars; 8, 15 &amp; 29 avril 2024 de 19h \u00e0 20h30.<\/li>\n<\/ul>\n<p class=\"font_0 wixui-rich-text__text\"><span class=\"wixui-rich-text__text\">S\u00c9ANCES D&rsquo;INTRODUCTION ET D&rsquo;ENTRA\u00ceNEMENT ANIM\u00c9ES PAR GENEVI\u00c8VE HAMELET<\/span><\/p>\n<p><span class=\"wixui-rich-text__text\">Il s\u2019agit ici d\u2019un entrainement progressif \u00e0 la m\u00e9ditation qui a \u00e9t\u00e9 con\u00e7u et \u00e9labor\u00e9 par Gy\u00e9trul Jigm\u00e9 Rinpoch\u00e9, ma\u00eetre authentique du bouddhisme <\/span><span class=\"wixui-rich-text__text\">tib\u00e9tain de la lign\u00e9e Ripa, et structur\u00e9 dans le programme RAM (Ripa Awareness Meditation). <\/span><\/p>\n<p>\u00ab <em>Apprendre \u00e0 bien vivre avec autrui implique de bien vivre avec tous les aspects de notre esprit<\/em> \u00bb &#8211; Gy\u00e9trul Jigm\u00e9 Rinpoch\u00e9<\/p>\n<p><span class=\"wixui-rich-text__text\">Au cours des s\u00e9ances en ligne, Genevi\u00e8ve Hamelet, instructrice senior et \u00e9l\u00e8ve de longue date de Gyetrul Jigme Rinpoch\u00e9, pr\u00e9sente et guide les participants \u00e0 travers les aspects les plus saillants de cette technique de m\u00e9ditation, pour faire l&rsquo;exp\u00e9rience du calme et de la perspicacit\u00e9.<br \/>\n<\/span><\/p>\n<p><span style=\"text-decoration: underline;\"><span style=\"color: #0000ff; text-decoration: underline;\"><a style=\"color: #0000ff; text-decoration: underline;\" href=\"https:\/\/padmalingparis.wixsite.com\/padmalingparis\/copie-de-programme\">Informations et inscription sur le site de Padma Ling<\/a><\/span><\/span>.<\/p>\n<ul>\n<li style=\"list-style-type: none;\"><\/li>\n<li><strong>Atelier d&rsquo;approfondissement<\/strong> <strong>RAM<\/strong> en r\u00e9sidentiel au centre RIC (Ripa Internationl Center) &#8211; Suisse :<\/li>\n<\/ul>\n<p style=\"text-align: center;\"><img decoding=\"async\" class=\"alignnone size-full wp-image-4878\" src=\"https:\/\/ghamelet.com\/mindfulness\/wp-content\/uploads\/2024\/01\/RIC.png\" alt=\"\" width=\"387\" height=\"218\" srcset=\"https:\/\/ghamelet.com\/mindfulness\/wp-content\/uploads\/2024\/01\/RIC-200x113.png 200w, https:\/\/ghamelet.com\/mindfulness\/wp-content\/uploads\/2024\/01\/RIC-300x169.png 300w, https:\/\/ghamelet.com\/mindfulness\/wp-content\/uploads\/2024\/01\/RIC.png 387w\" sizes=\"(max-width: 387px) 100vw, 387px\" \/><\/p>\n<p><strong>Dates:<\/strong> les 28 au 30 juin 2024. A l&rsquo;issue du cycle de 5 s\u00e9ances, cet atelier un atelier est propos\u00e9 \u00e0 celles et ceux qui le souhaitent o\u00f9 plus de temps sera donn\u00e9 \u00e0 chaque \u00e9tape de la pratique.<\/p>\n<p>Ce stage est ouvert \u00e0 toutes et \u00e0 tous et s\u2019adresse aussi bien \u00e0 de nouvelles personnes qui souhaitent d\u00e9couvrir, qu\u2019\u00e0 ceux et celles qui ont d\u00e9j\u00e0 particip\u00e9 \u00e0 des stages de m\u00e9ditation et qui souhaitent approfondir. Il s\u2019agit d\u2019un entrainement progressif \u00e0 la m\u00e9ditation qui a \u00e9t\u00e9 con\u00e7u et \u00e9labor\u00e9 par Gy\u00e9trul Jigm\u00e9 Rinpoch\u00e9, ma\u00eetre authentique du bouddhisme tib\u00e9tain de la lign\u00e9e Ripa, et structur\u00e9 dans le programme RAM (Ripa Awareness Meditation) avec l\u2019assistance de Genevi\u00e8ve Hamelet.<\/p>\n<p><a href=\"https:\/\/ripa-international.com\/events\/ripa-awareness-meditation-avec-genevieve-hamelet\/?lang=fr&amp;var=ri-0.l-L2\"><span style=\"text-decoration: underline;\"><span style=\"color: #0000ff; text-decoration: underline;\">Informations et inscriptions sur le site de Ripa<\/span><\/span><\/a><\/p>\n<\/div><div class=\"nav fusion-mobile-tab-nav\"><ul class=\"nav-tabs nav-justified\" role=\"tablist\" aria-orientation=\"horizontal\"><li  role=\"presentation\"><a class=\"tab-link\" data-toggle=\"tab\" role=\"tab\" aria-controls=\"tab-76e1e4a68c0890a9560\" aria-selected=\"false\" tabindex=\"-1\" id=\"mobile-fusion-tab-76e1e4a68c0890a9560\" href=\"#tab-76e1e4a68c0890a9560\"><h4 class=\"fusion-tab-heading\">Vous abonner \u00e0 la lettre d'information<\/h4><\/a><\/li><\/ul><\/div><div class=\"tab-pane fade fusion-clearfix\" role=\"tabpanel\" tabindex=\"0\" aria-labelledby=\"fusion-tab-76e1e4a68c0890a9560\" id=\"tab-76e1e4a68c0890a9560\">\n<p>Si \u00e7a n&rsquo;est pas d\u00e9j\u00e0 fait, je vous invite \u00e0 vous abonner aux lettres d&rsquo;information, afin d&rsquo;\u00eatre tenu(e) au courant de mes activit\u00e9s (cycle, s\u00e9minaire, atelier, soir\u00e9es, etc.), en sachant que vous pouvez vous d\u00e9-inscrire \u00e0 tout moment.<\/p>\n<script>(function() {\n\twindow.mc4wp = window.mc4wp || {\n\t\tlisteners: [],\n\t\tforms: {\n\t\t\ton: function(evt, cb) {\n\t\t\t\twindow.mc4wp.listeners.push(\n\t\t\t\t\t{\n\t\t\t\t\t\tevent   : evt,\n\t\t\t\t\t\tcallback: cb\n\t\t\t\t\t}\n\t\t\t\t);\n\t\t\t}\n\t\t}\n\t}\n})();\n<\/script><!-- Mailchimp for WordPress v4.12.1 - https:\/\/wordpress.org\/plugins\/mailchimp-for-wp\/ --><form id=\"mc4wp-form-1\" class=\"mc4wp-form mc4wp-form-3043\" method=\"post\" data-id=\"3043\" data-name=\"Newsletter\" ><div class=\"mc4wp-form-fields\"><p>\r\n    <label>Pr\u00e9nom<\/label>\r\n    <input type=\"text\" name=\"FNAME\">\r\n<\/p>\r\n<p>\r\n    <label>Nom<\/label>\r\n    <input type=\"text\" name=\"LNAME\">\r\n<\/p>\r\n<p>\r\n    <label>Notes<\/label>\r\n    <input type=\"text\" name=\"MMERGE5\">\r\n<\/p>\r\n<p>\r\n\t<label>Email address: <\/label>\r\n\t<input type=\"email\" name=\"EMAIL\" placeholder=\"Your email address\" required \/>\r\n<\/p>\r\n\r\n<p>\r\n\t<input type=\"submit\" value=\"Sign up\" \/>\r\n<\/p><\/div><label style=\"display: none !important;\">Laissez ce champ vide si vous \u00eates humain\u00a0: <input type=\"text\" name=\"_mc4wp_honeypot\" value=\"\" tabindex=\"-1\" autocomplete=\"off\" \/><\/label><input type=\"hidden\" name=\"_mc4wp_timestamp\" value=\"1776663405\" \/><input type=\"hidden\" name=\"_mc4wp_form_id\" value=\"3043\" \/><input type=\"hidden\" name=\"_mc4wp_form_element_id\" value=\"mc4wp-form-1\" \/><div class=\"mc4wp-response\"><\/div><\/form><!-- \/ Mailchimp for WordPress Plugin --><\/div><\/div><\/div><div class=\"fusion-clearfix\"><\/div><\/div><\/div><\/div><\/div>\n","protected":false},"excerpt":{"rendered":"","protected":false},"author":3,"featured_media":0,"parent":0,"menu_order":0,"comment_status":"closed","ping_status":"closed","template":"","meta":{"footnotes":""},"class_list":["post-4872","page","type-page","status-publish","hentry"],"yoast_head":"<!-- This site is optimized with the Yoast SEO plugin v27.4 - https:\/\/yoast.com\/product\/yoast-seo-wordpress\/ -->\n<title>Programmes RIPA - Genevi\u00e8ve Hamelet<\/title>\n<meta name=\"robots\" content=\"index, follow, max-snippet:-1, max-image-preview:large, max-video-preview:-1\" \/>\n<link rel=\"canonical\" href=\"https:\/\/ghamelet.com\/mindfulness\/programmes-ripa\/\" \/>\n<meta property=\"og:locale\" content=\"fr_FR\" \/>\n<meta property=\"og:type\" content=\"article\" \/>\n<meta property=\"og:title\" content=\"Programmes RIPA - Genevi\u00e8ve Hamelet\" \/>\n<meta property=\"og:url\" content=\"https:\/\/ghamelet.com\/mindfulness\/programmes-ripa\/\" \/>\n<meta property=\"og:site_name\" content=\"Genevi\u00e8ve Hamelet\" \/>\n<meta property=\"article:modified_time\" content=\"2024-01-05T15:08:58+00:00\" \/>\n<meta property=\"og:image\" content=\"https:\/\/ghamelet.com\/mindfulness\/wp-content\/uploads\/2024\/01\/Ripa-International-Center.jpg\" \/>\n<meta name=\"twitter:card\" content=\"summary_large_image\" \/>\n<meta name=\"twitter:label1\" content=\"Dur\u00e9e de lecture estim\u00e9e\" \/>\n\t<meta name=\"twitter:data1\" content=\"4 minutes\" \/>\n<script type=\"application\/ld+json\" class=\"yoast-schema-graph\">{\"@context\":\"https:\\\/\\\/schema.org\",\"@graph\":[{\"@type\":\"WebPage\",\"@id\":\"https:\\\/\\\/ghamelet.com\\\/mindfulness\\\/programmes-ripa\\\/\",\"url\":\"https:\\\/\\\/ghamelet.com\\\/mindfulness\\\/programmes-ripa\\\/\",\"name\":\"Programmes RIPA - Genevi\u00e8ve Hamelet\",\"isPartOf\":{\"@id\":\"https:\\\/\\\/ghamelet.com\\\/mindfulness\\\/#website\"},\"primaryImageOfPage\":{\"@id\":\"https:\\\/\\\/ghamelet.com\\\/mindfulness\\\/programmes-ripa\\\/#primaryimage\"},\"image\":{\"@id\":\"https:\\\/\\\/ghamelet.com\\\/mindfulness\\\/programmes-ripa\\\/#primaryimage\"},\"thumbnailUrl\":\"https:\\\/\\\/ghamelet.com\\\/mindfulness\\\/wp-content\\\/uploads\\\/2024\\\/01\\\/Ripa-International-Center.jpg\",\"datePublished\":\"2024-01-05T14:45:37+00:00\",\"dateModified\":\"2024-01-05T15:08:58+00:00\",\"breadcrumb\":{\"@id\":\"https:\\\/\\\/ghamelet.com\\\/mindfulness\\\/programmes-ripa\\\/#breadcrumb\"},\"inLanguage\":\"fr-FR\",\"potentialAction\":[{\"@type\":\"ReadAction\",\"target\":[\"https:\\\/\\\/ghamelet.com\\\/mindfulness\\\/programmes-ripa\\\/\"]}]},{\"@type\":\"ImageObject\",\"inLanguage\":\"fr-FR\",\"@id\":\"https:\\\/\\\/ghamelet.com\\\/mindfulness\\\/programmes-ripa\\\/#primaryimage\",\"url\":\"https:\\\/\\\/ghamelet.com\\\/mindfulness\\\/wp-content\\\/uploads\\\/2024\\\/01\\\/Ripa-International-Center.jpg\",\"contentUrl\":\"https:\\\/\\\/ghamelet.com\\\/mindfulness\\\/wp-content\\\/uploads\\\/2024\\\/01\\\/Ripa-International-Center.jpg\",\"width\":1920,\"height\":1080},{\"@type\":\"BreadcrumbList\",\"@id\":\"https:\\\/\\\/ghamelet.com\\\/mindfulness\\\/programmes-ripa\\\/#breadcrumb\",\"itemListElement\":[{\"@type\":\"ListItem\",\"position\":1,\"name\":\"Accueil\",\"item\":\"https:\\\/\\\/ghamelet.com\\\/mindfulness\\\/\"},{\"@type\":\"ListItem\",\"position\":2,\"name\":\"Programmes RIPA\"}]},{\"@type\":\"WebSite\",\"@id\":\"https:\\\/\\\/ghamelet.com\\\/mindfulness\\\/#website\",\"url\":\"https:\\\/\\\/ghamelet.com\\\/mindfulness\\\/\",\"name\":\"Genevi\u00e8ve Hamelet\",\"description\":\"Mindfulness\",\"potentialAction\":[{\"@type\":\"SearchAction\",\"target\":{\"@type\":\"EntryPoint\",\"urlTemplate\":\"https:\\\/\\\/ghamelet.com\\\/mindfulness\\\/?s={search_term_string}\"},\"query-input\":{\"@type\":\"PropertyValueSpecification\",\"valueRequired\":true,\"valueName\":\"search_term_string\"}}],\"inLanguage\":\"fr-FR\"}]}<\/script>\n<!-- \/ Yoast SEO plugin. -->","yoast_head_json":{"title":"Programmes RIPA - Genevi\u00e8ve Hamelet","robots":{"index":"index","follow":"follow","max-snippet":"max-snippet:-1","max-image-preview":"max-image-preview:large","max-video-preview":"max-video-preview:-1"},"canonical":"https:\/\/ghamelet.com\/mindfulness\/programmes-ripa\/","og_locale":"fr_FR","og_type":"article","og_title":"Programmes RIPA - Genevi\u00e8ve Hamelet","og_url":"https:\/\/ghamelet.com\/mindfulness\/programmes-ripa\/","og_site_name":"Genevi\u00e8ve Hamelet","article_modified_time":"2024-01-05T15:08:58+00:00","og_image":[{"url":"https:\/\/ghamelet.com\/mindfulness\/wp-content\/uploads\/2024\/01\/Ripa-International-Center.jpg","type":"","width":"","height":""}],"twitter_card":"summary_large_image","twitter_misc":{"Dur\u00e9e de lecture estim\u00e9e":"4 minutes"},"schema":{"@context":"https:\/\/schema.org","@graph":[{"@type":"WebPage","@id":"https:\/\/ghamelet.com\/mindfulness\/programmes-ripa\/","url":"https:\/\/ghamelet.com\/mindfulness\/programmes-ripa\/","name":"Programmes RIPA - Genevi\u00e8ve Hamelet","isPartOf":{"@id":"https:\/\/ghamelet.com\/mindfulness\/#website"},"primaryImageOfPage":{"@id":"https:\/\/ghamelet.com\/mindfulness\/programmes-ripa\/#primaryimage"},"image":{"@id":"https:\/\/ghamelet.com\/mindfulness\/programmes-ripa\/#primaryimage"},"thumbnailUrl":"https:\/\/ghamelet.com\/mindfulness\/wp-content\/uploads\/2024\/01\/Ripa-International-Center.jpg","datePublished":"2024-01-05T14:45:37+00:00","dateModified":"2024-01-05T15:08:58+00:00","breadcrumb":{"@id":"https:\/\/ghamelet.com\/mindfulness\/programmes-ripa\/#breadcrumb"},"inLanguage":"fr-FR","potentialAction":[{"@type":"ReadAction","target":["https:\/\/ghamelet.com\/mindfulness\/programmes-ripa\/"]}]},{"@type":"ImageObject","inLanguage":"fr-FR","@id":"https:\/\/ghamelet.com\/mindfulness\/programmes-ripa\/#primaryimage","url":"https:\/\/ghamelet.com\/mindfulness\/wp-content\/uploads\/2024\/01\/Ripa-International-Center.jpg","contentUrl":"https:\/\/ghamelet.com\/mindfulness\/wp-content\/uploads\/2024\/01\/Ripa-International-Center.jpg","width":1920,"height":1080},{"@type":"BreadcrumbList","@id":"https:\/\/ghamelet.com\/mindfulness\/programmes-ripa\/#breadcrumb","itemListElement":[{"@type":"ListItem","position":1,"name":"Accueil","item":"https:\/\/ghamelet.com\/mindfulness\/"},{"@type":"ListItem","position":2,"name":"Programmes RIPA"}]},{"@type":"WebSite","@id":"https:\/\/ghamelet.com\/mindfulness\/#website","url":"https:\/\/ghamelet.com\/mindfulness\/","name":"Genevi\u00e8ve Hamelet","description":"Mindfulness","potentialAction":[{"@type":"SearchAction","target":{"@type":"EntryPoint","urlTemplate":"https:\/\/ghamelet.com\/mindfulness\/?s={search_term_string}"},"query-input":{"@type":"PropertyValueSpecification","valueRequired":true,"valueName":"search_term_string"}}],"inLanguage":"fr-FR"}]}},"jetpack_sharing_enabled":true,"_links":{"self":[{"href":"https:\/\/ghamelet.com\/mindfulness\/wp-json\/wp\/v2\/pages\/4872","targetHints":{"allow":["GET"]}}],"collection":[{"href":"https:\/\/ghamelet.com\/mindfulness\/wp-json\/wp\/v2\/pages"}],"about":[{"href":"https:\/\/ghamelet.com\/mindfulness\/wp-json\/wp\/v2\/types\/page"}],"author":[{"embeddable":true,"href":"https:\/\/ghamelet.com\/mindfulness\/wp-json\/wp\/v2\/users\/3"}],"replies":[{"embeddable":true,"href":"https:\/\/ghamelet.com\/mindfulness\/wp-json\/wp\/v2\/comments?post=4872"}],"version-history":[{"count":5,"href":"https:\/\/ghamelet.com\/mindfulness\/wp-json\/wp\/v2\/pages\/4872\/revisions"}],"predecessor-version":[{"id":4880,"href":"https:\/\/ghamelet.com\/mindfulness\/wp-json\/wp\/v2\/pages\/4872\/revisions\/4880"}],"wp:attachment":[{"href":"https:\/\/ghamelet.com\/mindfulness\/wp-json\/wp\/v2\/media?parent=4872"}],"curies":[{"name":"wp","href":"https:\/\/api.w.org\/{rel}","templated":true}]}}