{"id":5091,"date":"2024-07-18T15:44:43","date_gmt":"2024-07-18T13:44:43","guid":{"rendered":"https:\/\/ghamelet.com\/mindfulness\/?page_id=5091"},"modified":"2026-03-12T11:31:21","modified_gmt":"2026-03-12T10:31:21","slug":"journees-imp","status":"publish","type":"page","link":"https:\/\/ghamelet.com\/mindfulness\/journees-imp\/","title":{"rendered":"Journ\u00e9es IMP"},"content":{"rendered":"<div class=\"fusion-fullwidth fullwidth-box fusion-builder-row-1 nonhundred-percent-fullwidth non-hundred-percent-height-scrolling\" style=\"--awb-border-radius-top-left:0px;--awb-border-radius-top-right:0px;--awb-border-radius-bottom-right:0px;--awb-border-radius-bottom-left:0px;--awb-flex-wrap:wrap;\" ><div class=\"fusion-builder-row fusion-row\"><div class=\"fusion-layout-column fusion_builder_column fusion-builder-column-0 fusion_builder_column_1_1 1_1 fusion-one-full fusion-column-first fusion-column-last\" style=\"--awb-bg-size:cover;--awb-margin-bottom:0px;\"><div class=\"fusion-column-wrapper fusion-flex-column-wrapper-legacy\"><div class=\"fusion-text fusion-text-1\"><h2 style=\"text-align: center;\"><img decoding=\"async\" class=\"alignnone size-full wp-image-5105\" src=\"https:\/\/ghamelet.com\/mindfulness\/wp-content\/uploads\/2024\/07\/thumbnail5-1.jpg\" alt=\"\" width=\"225\" height=\"225\" srcset=\"https:\/\/ghamelet.com\/mindfulness\/wp-content\/uploads\/2024\/07\/thumbnail5-1-66x66.jpg 66w, https:\/\/ghamelet.com\/mindfulness\/wp-content\/uploads\/2024\/07\/thumbnail5-1-150x150.jpg 150w, https:\/\/ghamelet.com\/mindfulness\/wp-content\/uploads\/2024\/07\/thumbnail5-1-200x200.jpg 200w, https:\/\/ghamelet.com\/mindfulness\/wp-content\/uploads\/2024\/07\/thumbnail5-1.jpg 225w\" sizes=\"(max-width: 225px) 100vw, 225px\" \/><\/h2>\n<h2 style=\"text-align: center;\"><strong>JOURN\u00c9ES IMP<br \/>\n<\/strong><\/h2>\n<h3 style=\"text-align: center;\"><strong><span class=\"yiv7758712729\">en ligne<br \/>\n<\/span><\/strong><\/h3>\n<div>Chaque date correspond \u00e0 la journ\u00e9e d\u2019approfondissement du cycle IMP correspondant auxquelles des personnes ayant d\u00e9j\u00e0 suivi un <em>cycle\u00a0 <\/em> peuvent participer. En effet, en compl\u00e9ment des soir\u00e9es de pratique, il est bon de pouvoir se poser une journ\u00e9e enti\u00e8re au c\u0153ur de notre affairement quotidien souvent effr\u00e9n\u00e9, et de ralentir nos rythmes int\u00e9rieurs\u2026<\/div>\n<div><\/div>\n<div>L\u2019inscription est alors payante et en fonction des places disponibles.<\/div>\n<\/div><div class=\"fusion-tabs fusion-tabs-1 classic nav-is-justified horizontal-tabs icon-position-left mobile-mode-accordion\" style=\"--awb-title-border-radius-top-left:0px;--awb-title-border-radius-top-right:0px;--awb-title-border-radius-bottom-right:0px;--awb-title-border-radius-bottom-left:0px;--awb-alignment:start;--awb-inactive-color:#ebeaea;--awb-background-color:#ffffff;--awb-border-color:#ebeaea;--awb-active-border-color:#9e9e9e;\"><div class=\"nav\"><ul class=\"nav-tabs nav-justified\" role=\"tablist\" aria-orientation=\"horizontal\"><li class=\"active\" role=\"presentation\"><a class=\"tab-link\" data-toggle=\"tab\" role=\"tab\" aria-controls=\"tab-2242f860a40236c4514\" aria-selected=\"true\" tabindex=\"0\" id=\"fusion-tab-2242f860a40236c4514\" href=\"#tab-2242f860a40236c4514\"><h4 class=\"fusion-tab-heading\">DATES DES JOURNEES<\/h4><\/a><\/li><li  role=\"presentation\"><a class=\"tab-link\" data-toggle=\"tab\" role=\"tab\" aria-controls=\"tab-87ed4c2fbd4e1613cca\" aria-selected=\"false\" tabindex=\"-1\" id=\"fusion-tab-87ed4c2fbd4e1613cca\" href=\"#tab-87ed4c2fbd4e1613cca\"><h4 class=\"fusion-tab-heading\">Tarifs et modalit\u00e9s d'inscription<\/h4><\/a><\/li><li  role=\"presentation\"><a class=\"tab-link\" data-toggle=\"tab\" role=\"tab\" aria-controls=\"tab-231c4f523d162115d7f\" aria-selected=\"false\" tabindex=\"-1\" id=\"fusion-tab-231c4f523d162115d7f\" href=\"#tab-231c4f523d162115d7f\"><h4 class=\"fusion-tab-heading\">A propos du programme IMP<\/h4><\/a><\/li><li  role=\"presentation\"><a class=\"tab-link\" data-toggle=\"tab\" role=\"tab\" aria-controls=\"tab-dffec38e6ee219ad5d2\" aria-selected=\"false\" tabindex=\"-1\" id=\"fusion-tab-dffec38e6ee219ad5d2\" href=\"#tab-dffec38e6ee219ad5d2\"><h4 class=\"fusion-tab-heading\">Vous avez des questions ?<\/h4><\/a><\/li><\/ul><\/div><div class=\"tab-content\"><div class=\"nav fusion-mobile-tab-nav\"><ul class=\"nav-tabs nav-justified\" role=\"tablist\" aria-orientation=\"horizontal\"><li class=\"active\" role=\"presentation\"><a class=\"tab-link\" data-toggle=\"tab\" role=\"tab\" aria-controls=\"tab-2242f860a40236c4514\" aria-selected=\"true\" tabindex=\"0\" id=\"mobile-fusion-tab-2242f860a40236c4514\" href=\"#tab-2242f860a40236c4514\"><h4 class=\"fusion-tab-heading\">DATES DES JOURNEES<\/h4><\/a><\/li><\/ul><\/div><div class=\"tab-pane fade fusion-clearfix in active\" role=\"tabpanel\" tabindex=\"0\" aria-labelledby=\"fusion-tab-2242f860a40236c4514\" id=\"tab-2242f860a40236c4514\">\n<p><strong>Date(s) : <\/strong><\/p>\n<ul>\n<li><strong>Samedi 6 juin 2026<\/strong><\/li>\n<\/ul>\n<p><strong>Adresse:<\/strong> <span class=\"yiv3298353655ydpeab74e6fyiv7475221512\">ces journ\u00e9es seront effectu\u00e9es en visioconf\u00e9rence<\/span><\/p>\n<p>__________________________________________________________________________________________________________________________________________________________________________________________<\/p>\n<p><strong>Horaires:<\/strong> 10h \u00e0 17h30<\/p>\n<p><strong>Mat\u00e9riel<\/strong>\u00a0:<\/p>\n<p>Les informations vous seront transmises par email.<\/p>\n<p>Pour que la journ\u00e9e se passe au mieux, voici quelques informations ou rappels :<\/p>\n<ul>\n<li>Trouver un <strong>lieu calme<\/strong>, o\u00f9 vous vous sentez en s\u00e9curit\u00e9, neutre, o\u00f9 vous ne serez pas d\u00e9rang\u00e9-es (\u00e9viter les portes ou passages derri\u00e8re vous).<\/li>\n<li>Pr\u00e9parer \u00e0 l\u2019avance <strong>le\u00a0mat\u00e9riel <\/strong>dont vous aurez besoin : tapis de yoga ou \u00e9quivalent, coussin ou chaise, ch\u00e2le\u2026<\/li>\n<li><strong>Arriver en avance\u00a0<\/strong>pour v\u00e9rifier vos connexions<strong>; vous serez dans u<\/strong>ne\u00a0<u>salle d\u2019attente\u00a0<\/u>et accueilli(e)s\u00a0un(e) par un(e).<\/li>\n<li><strong>La salle de r\u00e9union sera accessible <u>15 min<\/u> avant le d\u00e9but de la s\u00e9ance<\/strong>.<\/li>\n<li><strong>Couper tous les programmes<\/strong> sur votre \u00e9cran d\u2019ordinateur : il est important de se donner l\u2019espace comme dans une salle.<\/li>\n<\/ul>\n<\/div><div class=\"nav fusion-mobile-tab-nav\"><ul class=\"nav-tabs nav-justified\" role=\"tablist\" aria-orientation=\"horizontal\"><li  role=\"presentation\"><a class=\"tab-link\" data-toggle=\"tab\" role=\"tab\" aria-controls=\"tab-87ed4c2fbd4e1613cca\" aria-selected=\"false\" tabindex=\"-1\" id=\"mobile-fusion-tab-87ed4c2fbd4e1613cca\" href=\"#tab-87ed4c2fbd4e1613cca\"><h4 class=\"fusion-tab-heading\">Tarifs et modalit\u00e9s d'inscription<\/h4><\/a><\/li><\/ul><\/div><div class=\"tab-pane fade fusion-clearfix\" role=\"tabpanel\" tabindex=\"0\" aria-labelledby=\"fusion-tab-87ed4c2fbd4e1613cca\" id=\"tab-87ed4c2fbd4e1613cca\">\n<p><strong>Tarif individuel : <\/strong>afin de convenir au plus grand nombre possible, vous avez la possibilit\u00e9 de choisir, selon vos moyens entre deux tarifs pour cette journ\u00e9e<strong>: <\/strong><\/p>\n<ul>\n<li>Tarif normal : 50\u20ac HT + TVA 10\u20ac soit : <strong>60\u20ac TTC<\/strong><\/li>\n<li>Tarif r\u00e9duit (<em>pour ceux qui ont des difficult\u00e9s financi\u00e8res<\/em>) : 33\u20ac HT + TVA 7\u20ac soit : <strong>40\u20ac TTC<\/strong><\/li>\n<\/ul>\n<p>Le mode de r\u00e8glement : par ch\u00e8que, virement ou PayPal. Votre inscription ne sera valid\u00e9e qu\u2019\u00e0 r\u00e9ception du paiement<br \/>\n<em>Facilit\u00e9s de\u00a0paiement possible<\/em><\/p>\n<p><strong>MODALIT\u00c9S D\u2019INSCRIPTIONS<\/strong><\/p>\n<p>Pour toute demande de renseignement et inscription, merci de <a href=\"https:\/\/ghamelet.com\/mindfulness\/contact\/\">nous \u00e9crire<\/a>.<\/p>\n<\/div><div class=\"nav fusion-mobile-tab-nav\"><ul class=\"nav-tabs nav-justified\" role=\"tablist\" aria-orientation=\"horizontal\"><li  role=\"presentation\"><a class=\"tab-link\" data-toggle=\"tab\" role=\"tab\" aria-controls=\"tab-231c4f523d162115d7f\" aria-selected=\"false\" tabindex=\"-1\" id=\"mobile-fusion-tab-231c4f523d162115d7f\" href=\"#tab-231c4f523d162115d7f\"><h4 class=\"fusion-tab-heading\">A propos du programme IMP<\/h4><\/a><\/li><\/ul><\/div><div class=\"tab-pane fade fusion-clearfix\" role=\"tabpanel\" tabindex=\"0\" aria-labelledby=\"fusion-tab-231c4f523d162115d7f\" id=\"tab-231c4f523d162115d7f\">\n<div id=\"tab-ddb5d0833ba73fadfe3\" class=\"tab-pane fade fusion-clearfix active in\" tabindex=\"0\" role=\"tabpanel\" aria-labelledby=\"fusion-tab-aproposducycleimp\">\n<p>Nos vies sont des r\u00e9seaux de relations sociales et de communication familiales, amicales, professionnelles qui sont parfois source de joies et d\u2019appr\u00e9ciation lorsque nous nous sentons connect\u00e9-es les uns aux autres mais parfois source de tensions et de stress.<\/p>\n<p>La relation interpersonnelle d\u00e9signe l\u2019interaction entre des personnes, des groupes et des \u00e9quipes, que ce soit dans un environnement professionnel, personnel ou familial. Ainsi, du fait de cette interaction, le comportement humain individuel et collectif a \u00e9galement un grand impact sur l\u2019environnement et ceux qui y vivent.<\/p>\n<p>D\u00e9velopper la Pleine Conscience Interpersonnelle permet d\u2019\u00eatre plus pr\u00e9sent.e et attentif.ve aux autres comme \u00e0 soi-m\u00eame.<br \/>\nLe Programme de Pleine Conscience Interpersonnelle (IMP) vise \u00e0 combler le foss\u00e9 entre la vie quotidienne et la m\u00e9ditation formelle en mettant l\u2019accent sur la Pleine Conscience dans la relation. Nous explorerons les racines du stress interpersonnel et les possibilit\u00e9s de lib\u00e9ration et de transformation, dans la reconnaissance d\u2019une exp\u00e9rience humaine partag\u00e9e.<\/p>\n<p><strong>OBJECTIFS DU PROGRAMME IMP<\/strong><\/p>\n<ul>\n<li>Approfondir la pratique de la m\u00e9ditation de Pleine Conscience<\/li>\n<li>Apprendre \u00e0 s\u2019\u00e9couter et \u00e0 \u00e9couter les autres plus profond\u00e9ment, en d\u00e9veloppant une plus grande aisance relationnelle, une meilleure connexion \u00e0 l\u2019autre et des capacit\u00e9s d\u2019empathie.<\/li>\n<li>D\u00e9velopper des comp\u00e9tences pour rester pr\u00e9sent.e dans les situations de communication, qu\u2019elles soient agr\u00e9ables ou d\u00e9sagr\u00e9ables<\/li>\n<li>Reconna\u00eetre notre r\u00e9activit\u00e9 dans les interactions ainsi que nos sch\u00e9mas d\u2019habitude face au stress et \u00e0 l\u2019anxi\u00e9t\u00e9 dans les relations<\/li>\n<\/ul>\n<p><strong>MOYENS P\u00c9DAGOGIQUES ET TECHNIQUES<\/strong><\/p>\n<p>8 s\u00e9ances hebdomadaires d\u2019une dur\u00e9e moyenne de 2h30 \u00e0 3h d\u2019entra\u00eenement avec des lectures et exercices hebdomadaires.<\/p>\n<p>Attention : La participation \u00e0 ce protocole ne tient pas lieu de formation qualifiante.<\/p>\n<\/div>\n<\/div><div class=\"nav fusion-mobile-tab-nav\"><ul class=\"nav-tabs nav-justified\" role=\"tablist\" aria-orientation=\"horizontal\"><li  role=\"presentation\"><a class=\"tab-link\" data-toggle=\"tab\" role=\"tab\" aria-controls=\"tab-dffec38e6ee219ad5d2\" aria-selected=\"false\" tabindex=\"-1\" id=\"mobile-fusion-tab-dffec38e6ee219ad5d2\" href=\"#tab-dffec38e6ee219ad5d2\"><h4 class=\"fusion-tab-heading\">Vous avez des questions ?<\/h4><\/a><\/li><\/ul><\/div><div class=\"tab-pane fade fusion-clearfix\" role=\"tabpanel\" tabindex=\"0\" aria-labelledby=\"fusion-tab-dffec38e6ee219ad5d2\" id=\"tab-dffec38e6ee219ad5d2\">\n<div class=\"wpcf7 no-js\" id=\"wpcf7-f10-o1\" lang=\"fr-FR\" dir=\"ltr\" data-wpcf7-id=\"10\">\n<div class=\"screen-reader-response\"><p role=\"status\" aria-live=\"polite\" aria-atomic=\"true\"><\/p> <ul><\/ul><\/div>\n<form action=\"\/mindfulness\/wp-json\/wp\/v2\/pages\/5091#wpcf7-f10-o1\" method=\"post\" class=\"wpcf7-form init cf7skins cf7s-topaz\" aria-label=\"Formulaire de contact\" novalidate=\"novalidate\" data-status=\"init\">\n<fieldset class=\"hidden-fields-container\"><input type=\"hidden\" name=\"_wpcf7\" value=\"10\" \/><input type=\"hidden\" name=\"_wpcf7_version\" value=\"6.1.5\" \/><input type=\"hidden\" name=\"_wpcf7_locale\" value=\"fr_FR\" \/><input type=\"hidden\" name=\"_wpcf7_unit_tag\" value=\"wpcf7-f10-o1\" \/><input type=\"hidden\" name=\"_wpcf7_container_post\" value=\"0\" \/><input type=\"hidden\" name=\"_wpcf7_posted_data_hash\" value=\"\" \/><input type=\"hidden\" name=\"_wpcf7_recaptcha_response\" value=\"\" \/>\n<\/fieldset>\n<p>Votre nom (*)<br \/>\n    <span class=\"wpcf7-form-control-wrap\" data-name=\"your-name\"><input size=\"40\" maxlength=\"400\" class=\"wpcf7-form-control wpcf7-text wpcf7-validates-as-required\" aria-required=\"true\" aria-invalid=\"false\" value=\"\" type=\"text\" name=\"your-name\" \/><\/span> <\/p>\n\n<p>Votre email (*)<br \/>\n    <span class=\"wpcf7-form-control-wrap\" data-name=\"your-email\"><input size=\"40\" maxlength=\"400\" class=\"wpcf7-form-control wpcf7-email wpcf7-validates-as-required wpcf7-text wpcf7-validates-as-email\" aria-required=\"true\" aria-invalid=\"false\" value=\"\" type=\"email\" name=\"your-email\" \/><\/span> <\/p>\n\n<p>Sujet<br \/>\n    <span class=\"wpcf7-form-control-wrap\" data-name=\"your-subject\"><input size=\"40\" maxlength=\"400\" class=\"wpcf7-form-control wpcf7-text wpcf7-validates-as-required\" aria-required=\"true\" aria-invalid=\"false\" value=\"\" type=\"text\" name=\"your-subject\" \/><\/span> <\/p>\n\n<p>Votre message<br \/>\n    <span class=\"wpcf7-form-control-wrap\" data-name=\"your-message\"><textarea cols=\"40\" rows=\"10\" maxlength=\"2000\" class=\"wpcf7-form-control wpcf7-textarea\" aria-invalid=\"false\" name=\"your-message\"><\/textarea><\/span> <\/p>\n\n<p> \n    <!-- Mailchimp for WordPress v4.12.1 - https:\/\/www.mc4wp.com\/ --><input type=\"hidden\" name=\"_mc4wp_subscribe_contact-form-7\" value=\"0\" \/><span class=\"mc4wp-checkbox mc4wp-checkbox-contact-form-7 \"><label><input type=\"checkbox\" name=\"_mc4wp_subscribe_contact-form-7\" value=\"1\" ><span>Inscrivez-vous pour recevoir notre lettre d'information !<\/span><\/label><\/span><!-- \/ Mailchimp for WordPress --> <\/p>\n\n<p><input class=\"wpcf7-form-control wpcf7-submit has-spinner\" type=\"submit\" value=\"Envoyer\" \/> <\/p>\n\n<p><h6><em>(* obligatoire)<\/em><\/h6> <\/p><div class=\"fusion-alert alert custom alert-custom fusion-alert-center wpcf7-response-output fusion-alert-capitalize awb-alert-native-link-color alert-dismissable awb-alert-close-boxed\" style=\"--awb-border-size:1px;--awb-border-top-left-radius:0px;--awb-border-top-right-radius:0px;--awb-border-bottom-left-radius:0px;--awb-border-bottom-right-radius:0px;\" role=\"alert\"><div class=\"fusion-alert-content-wrapper\"><span class=\"fusion-alert-content\"><\/span><\/div><button type=\"button\" class=\"close toggle-alert\" data-dismiss=\"alert\" aria-label=\"Close\">&times;<\/button><\/div>\n<\/form>\n<\/div>\n<\/div><\/div><\/div><div class=\"fusion-clearfix\"><\/div><\/div><\/div><\/div><\/div>\n","protected":false},"excerpt":{"rendered":"","protected":false},"author":3,"featured_media":0,"parent":0,"menu_order":0,"comment_status":"closed","ping_status":"closed","template":"","meta":{"footnotes":""},"class_list":["post-5091","page","type-page","status-publish","hentry"],"yoast_head":"<!-- This site is optimized with the Yoast SEO plugin v27.4 - https:\/\/yoast.com\/product\/yoast-seo-wordpress\/ -->\n<title>Journ\u00e9es IMP - Genevi\u00e8ve Hamelet<\/title>\n<meta name=\"robots\" content=\"index, follow, max-snippet:-1, max-image-preview:large, max-video-preview:-1\" \/>\n<link rel=\"canonical\" href=\"https:\/\/ghamelet.com\/mindfulness\/journees-imp\/\" \/>\n<meta property=\"og:locale\" content=\"fr_FR\" \/>\n<meta property=\"og:type\" content=\"article\" \/>\n<meta property=\"og:title\" content=\"Journ\u00e9es IMP - Genevi\u00e8ve Hamelet\" \/>\n<meta property=\"og:url\" content=\"https:\/\/ghamelet.com\/mindfulness\/journees-imp\/\" \/>\n<meta property=\"og:site_name\" content=\"Genevi\u00e8ve Hamelet\" \/>\n<meta property=\"article:modified_time\" content=\"2026-03-12T10:31:21+00:00\" \/>\n<meta property=\"og:image\" content=\"https:\/\/ghamelet.com\/mindfulness\/wp-content\/uploads\/2024\/07\/thumbnail5-1.jpg\" \/>\n\t<meta property=\"og:image:width\" content=\"225\" \/>\n\t<meta property=\"og:image:height\" content=\"225\" \/>\n\t<meta property=\"og:image:type\" content=\"image\/jpeg\" \/>\n<meta name=\"twitter:card\" content=\"summary_large_image\" \/>\n<meta name=\"twitter:label1\" content=\"Dur\u00e9e de lecture estim\u00e9e\" \/>\n\t<meta name=\"twitter:data1\" content=\"4 minutes\" \/>\n<script type=\"application\/ld+json\" class=\"yoast-schema-graph\">{\"@context\":\"https:\\\/\\\/schema.org\",\"@graph\":[{\"@type\":\"WebPage\",\"@id\":\"https:\\\/\\\/ghamelet.com\\\/mindfulness\\\/journees-imp\\\/\",\"url\":\"https:\\\/\\\/ghamelet.com\\\/mindfulness\\\/journees-imp\\\/\",\"name\":\"Journ\u00e9es IMP - Genevi\u00e8ve Hamelet\",\"isPartOf\":{\"@id\":\"https:\\\/\\\/ghamelet.com\\\/mindfulness\\\/#website\"},\"primaryImageOfPage\":{\"@id\":\"https:\\\/\\\/ghamelet.com\\\/mindfulness\\\/journees-imp\\\/#primaryimage\"},\"image\":{\"@id\":\"https:\\\/\\\/ghamelet.com\\\/mindfulness\\\/journees-imp\\\/#primaryimage\"},\"thumbnailUrl\":\"https:\\\/\\\/ghamelet.com\\\/mindfulness\\\/wp-content\\\/uploads\\\/2024\\\/07\\\/thumbnail5-1.jpg\",\"datePublished\":\"2024-07-18T13:44:43+00:00\",\"dateModified\":\"2026-03-12T10:31:21+00:00\",\"breadcrumb\":{\"@id\":\"https:\\\/\\\/ghamelet.com\\\/mindfulness\\\/journees-imp\\\/#breadcrumb\"},\"inLanguage\":\"fr-FR\",\"potentialAction\":[{\"@type\":\"ReadAction\",\"target\":[\"https:\\\/\\\/ghamelet.com\\\/mindfulness\\\/journees-imp\\\/\"]}]},{\"@type\":\"ImageObject\",\"inLanguage\":\"fr-FR\",\"@id\":\"https:\\\/\\\/ghamelet.com\\\/mindfulness\\\/journees-imp\\\/#primaryimage\",\"url\":\"https:\\\/\\\/ghamelet.com\\\/mindfulness\\\/wp-content\\\/uploads\\\/2024\\\/07\\\/thumbnail5-1.jpg\",\"contentUrl\":\"https:\\\/\\\/ghamelet.com\\\/mindfulness\\\/wp-content\\\/uploads\\\/2024\\\/07\\\/thumbnail5-1.jpg\",\"width\":225,\"height\":225},{\"@type\":\"BreadcrumbList\",\"@id\":\"https:\\\/\\\/ghamelet.com\\\/mindfulness\\\/journees-imp\\\/#breadcrumb\",\"itemListElement\":[{\"@type\":\"ListItem\",\"position\":1,\"name\":\"Accueil\",\"item\":\"https:\\\/\\\/ghamelet.com\\\/mindfulness\\\/\"},{\"@type\":\"ListItem\",\"position\":2,\"name\":\"Journ\u00e9es IMP\"}]},{\"@type\":\"WebSite\",\"@id\":\"https:\\\/\\\/ghamelet.com\\\/mindfulness\\\/#website\",\"url\":\"https:\\\/\\\/ghamelet.com\\\/mindfulness\\\/\",\"name\":\"Genevi\u00e8ve Hamelet\",\"description\":\"Mindfulness\",\"potentialAction\":[{\"@type\":\"SearchAction\",\"target\":{\"@type\":\"EntryPoint\",\"urlTemplate\":\"https:\\\/\\\/ghamelet.com\\\/mindfulness\\\/?s={search_term_string}\"},\"query-input\":{\"@type\":\"PropertyValueSpecification\",\"valueRequired\":true,\"valueName\":\"search_term_string\"}}],\"inLanguage\":\"fr-FR\"}]}<\/script>\n<!-- \/ Yoast SEO plugin. -->","yoast_head_json":{"title":"Journ\u00e9es IMP - Genevi\u00e8ve Hamelet","robots":{"index":"index","follow":"follow","max-snippet":"max-snippet:-1","max-image-preview":"max-image-preview:large","max-video-preview":"max-video-preview:-1"},"canonical":"https:\/\/ghamelet.com\/mindfulness\/journees-imp\/","og_locale":"fr_FR","og_type":"article","og_title":"Journ\u00e9es IMP - Genevi\u00e8ve Hamelet","og_url":"https:\/\/ghamelet.com\/mindfulness\/journees-imp\/","og_site_name":"Genevi\u00e8ve Hamelet","article_modified_time":"2026-03-12T10:31:21+00:00","og_image":[{"width":225,"height":225,"url":"https:\/\/ghamelet.com\/mindfulness\/wp-content\/uploads\/2024\/07\/thumbnail5-1.jpg","type":"image\/jpeg"}],"twitter_card":"summary_large_image","twitter_misc":{"Dur\u00e9e de lecture estim\u00e9e":"4 minutes"},"schema":{"@context":"https:\/\/schema.org","@graph":[{"@type":"WebPage","@id":"https:\/\/ghamelet.com\/mindfulness\/journees-imp\/","url":"https:\/\/ghamelet.com\/mindfulness\/journees-imp\/","name":"Journ\u00e9es IMP - Genevi\u00e8ve Hamelet","isPartOf":{"@id":"https:\/\/ghamelet.com\/mindfulness\/#website"},"primaryImageOfPage":{"@id":"https:\/\/ghamelet.com\/mindfulness\/journees-imp\/#primaryimage"},"image":{"@id":"https:\/\/ghamelet.com\/mindfulness\/journees-imp\/#primaryimage"},"thumbnailUrl":"https:\/\/ghamelet.com\/mindfulness\/wp-content\/uploads\/2024\/07\/thumbnail5-1.jpg","datePublished":"2024-07-18T13:44:43+00:00","dateModified":"2026-03-12T10:31:21+00:00","breadcrumb":{"@id":"https:\/\/ghamelet.com\/mindfulness\/journees-imp\/#breadcrumb"},"inLanguage":"fr-FR","potentialAction":[{"@type":"ReadAction","target":["https:\/\/ghamelet.com\/mindfulness\/journees-imp\/"]}]},{"@type":"ImageObject","inLanguage":"fr-FR","@id":"https:\/\/ghamelet.com\/mindfulness\/journees-imp\/#primaryimage","url":"https:\/\/ghamelet.com\/mindfulness\/wp-content\/uploads\/2024\/07\/thumbnail5-1.jpg","contentUrl":"https:\/\/ghamelet.com\/mindfulness\/wp-content\/uploads\/2024\/07\/thumbnail5-1.jpg","width":225,"height":225},{"@type":"BreadcrumbList","@id":"https:\/\/ghamelet.com\/mindfulness\/journees-imp\/#breadcrumb","itemListElement":[{"@type":"ListItem","position":1,"name":"Accueil","item":"https:\/\/ghamelet.com\/mindfulness\/"},{"@type":"ListItem","position":2,"name":"Journ\u00e9es IMP"}]},{"@type":"WebSite","@id":"https:\/\/ghamelet.com\/mindfulness\/#website","url":"https:\/\/ghamelet.com\/mindfulness\/","name":"Genevi\u00e8ve Hamelet","description":"Mindfulness","potentialAction":[{"@type":"SearchAction","target":{"@type":"EntryPoint","urlTemplate":"https:\/\/ghamelet.com\/mindfulness\/?s={search_term_string}"},"query-input":{"@type":"PropertyValueSpecification","valueRequired":true,"valueName":"search_term_string"}}],"inLanguage":"fr-FR"}]}},"jetpack_sharing_enabled":true,"_links":{"self":[{"href":"https:\/\/ghamelet.com\/mindfulness\/wp-json\/wp\/v2\/pages\/5091","targetHints":{"allow":["GET"]}}],"collection":[{"href":"https:\/\/ghamelet.com\/mindfulness\/wp-json\/wp\/v2\/pages"}],"about":[{"href":"https:\/\/ghamelet.com\/mindfulness\/wp-json\/wp\/v2\/types\/page"}],"author":[{"embeddable":true,"href":"https:\/\/ghamelet.com\/mindfulness\/wp-json\/wp\/v2\/users\/3"}],"replies":[{"embeddable":true,"href":"https:\/\/ghamelet.com\/mindfulness\/wp-json\/wp\/v2\/comments?post=5091"}],"version-history":[{"count":11,"href":"https:\/\/ghamelet.com\/mindfulness\/wp-json\/wp\/v2\/pages\/5091\/revisions"}],"predecessor-version":[{"id":5441,"href":"https:\/\/ghamelet.com\/mindfulness\/wp-json\/wp\/v2\/pages\/5091\/revisions\/5441"}],"wp:attachment":[{"href":"https:\/\/ghamelet.com\/mindfulness\/wp-json\/wp\/v2\/media?parent=5091"}],"curies":[{"name":"wp","href":"https:\/\/api.w.org\/{rel}","templated":true}]}}